 {"id":4105,"date":"2017-12-04T18:09:39","date_gmt":"2017-12-04T18:09:39","guid":{"rendered":"http:\/\/mireiacastells.local\/inici\/"},"modified":"2025-08-03T10:40:47","modified_gmt":"2025-08-03T10:40:47","slug":"inici","status":"publish","type":"page","link":"https:\/\/mireiacastells.com\/es\/","title":{"rendered":"Pagina inicial"},"content":{"rendered":"<p>[vc_row][vc_column][rev_slider_vc alias=\u00bbvideo\u00bb][\/vc_column][\/vc_row][vc_row content_width=\u00bbgrid\u00bb css_animation=\u00bbedgtf-element-from-fade\u00bb css=\u00bb.vc_custom_1754217639634{margin-top: 42px !important;margin-bottom: 42px !important;}\u00bb][vc_column width=\u00bb1\/2&#8243;]<div class=\"edgtf-elements-holder edgtf-responsive-mode-768 edgtf-one-column-alignment-center\" ><div class=\"edgtf-elements-holder-item edgtf-horizontal-alignment-center\" data-item-class=\"edgtf-elements-holder-custom-354724\" >\n        <div class=\"edgtf-elements-holder-item-inner\">\n        <div class=\"edgtf-elements-holder-item-content edgtf-elements-holder-custom-354724\" style=\"padding: 5.5% 3% 0% 3%\">\n            [vc_single_image image=\u00bb3509&#8243; img_size=\u00bbmedium\u00bb alignment=\u00bbcenter\u00bb style=\u00bbvc_box_rounded\u00bb onclick=\u00bbcustom_link\u00bb link=\u00bb\/es\/biografie\/\u00bb]        <\/div>\n    <\/div>\n<\/div><\/div>[\/vc_column][vc_column width=\u00bb1\/2&#8243;]<div class=\"edgtf-elements-holder edgtf-responsive-mode-768 edgtf-elements-items-float\" ><div class=\"edgtf-elements-holder-item \" data-item-class=\"edgtf-elements-holder-custom-346098\" >\n        <div class=\"edgtf-elements-holder-item-inner\">\n        <div class=\"edgtf-elements-holder-item-content edgtf-elements-holder-custom-346098\" style=\"padding: 5.5% 0% 0% 0%\">\n            [vc_column_text]<\/p>\n<p style=\"text-align: left;\"><span style=\"font-weight: 400;\">La soprano l\u00edrica ligera Mireia Castells empez\u00f3 su carrera musical como violinista. Termin\u00f3 sus estudios profesionales en el Conservatorio Municipal de M\u00fasica de Barcelona en la especialidad de viol\u00edn con Erika Gallov\u00e0 y en la de canto con la soprano M\u00aa \u00c0ngels Sarroca y el tenor Salvador Parr\u00f3n.<\/span><\/p>\n<p>[\/vc_column_text][vc_empty_space]<a href=\"\/es\/biografie\/\" target=\"_self\" style=\"color: #0c0c0c;background-color: #ffffff;border: 1px solid #f4f4f4;font-weight: 700\" class=\"edgtf-btn edgtf-btn-medium edgtf-btn-solid edgtf-btn-custom-border-hover edgtf-btn-custom-hover-color edgtf-custom-skin edgtf-box-shadow edgtf-box-shadow-animation\" data-hover-color=\"#ffffff\" data-hover-border-color=\"#e2e2e2\" >\n            <span class=\"edgtf-btn-text\">Leer m\u00e1s<\/span>\n        <\/a>        <\/div>\n    <\/div>\n<\/div><\/div>[\/vc_column][\/vc_row][vc_row row_type=\u00bbparallax\u00bb content_width=\u00bbgrid\u00bb content_aligment=\u00bbcenter\u00bb full_screen_section_height=\u00bbno\u00bb css=\u00bb.vc_custom_1516568990101{padding-top: 30px !important;padding-bottom: 30px !important;background-color: #f4f4f4 !important;}\u00bb parallax_background_image=\u00bb3197&#8243; section_height=\u00bb100&#8243;][vc_column]<div class=\"edgtf-elements-holder edgtf-responsive-mode-768 edgtf-one-column-alignment-center\" ><div class=\"edgtf-elements-holder-item edgtf-horizontal-alignment-center\" data-item-class=\"edgtf-elements-holder-custom-691499\"   >\n        <div class=\"edgtf-elements-holder-item-inner\">\n        <div class=\"edgtf-elements-holder-item-content edgtf-elements-holder-custom-691499\" style=\"padding: 0% 8%\">\n            [vc_video link=\u00bbhttps:\/\/youtu.be\/r6rMIwnVIlM?t=11&#8243; align=\u00bbcenter\u00bb][vc_column_text css=\u00bb.vc_custom_1561928532673{padding-top: 5px !important;}\u00bb]<\/p>\n<p style=\"text-align: left;\"><a href=\"https:\/\/mireiacastells.com\/es\/media\/\">Ver m\u00e1s v\u00eddeos<\/a><\/p>\n<p>[\/vc_column_text]        <\/div>\n    <\/div>\n<\/div><\/div>[\/vc_column][\/vc_row][vc_row content_width=\u00bbgrid\u00bb lc_swp_row_boxed_width=\u00bbforce_boxed\u00bb css=\u00bb.vc_custom_1545568612268{padding-top: 90px !important;padding-bottom: 10px !important;}\u00bb][vc_column][vc_column_text]<\/p>\n<h3 style=\"text-align: center;\"><span style=\"color: #bba011;\">Galer\u00eda<\/span><\/h3>\n<p>[\/vc_column_text][vc_empty_space]<div class=\"edgtf-image-gallery-masonry edgtf-masonry-image-size-set edgtf-gallery-with-space edgtf-gallery-columns-3\">\n    <div class=\"edgtf-image-masonry-grid-sizer\"><\/div>\n            <div class=\"edgtf-gallery-image edgtf-size-square\">\n            <div class=\"edgtf-gallery-image-inner\">\n                                <a href=\"https:\/\/mireiacastells.com\/wp-content\/uploads\/2019\/04\/DSC2169-550x550.jpg\" data-rel=\"prettyPhoto[single_pretty_photo]\" title=\"_DSC2169\">\n                                            <div class=\"edgtf-ig-image-holder\">\n                            <img loading=\"lazy\" decoding=\"async\" width=\"550\" height=\"550\" src=\"https:\/\/mireiacastells.com\/wp-content\/uploads\/2019\/04\/DSC2169-550x550.jpg\" class=\"attachment-bumblebee_edge_square size-bumblebee_edge_square\" alt=\"\" srcset=\"https:\/\/mireiacastells.com\/wp-content\/uploads\/2019\/04\/DSC2169-550x550.jpg 550w, https:\/\/mireiacastells.com\/wp-content\/uploads\/2019\/04\/DSC2169-150x150.jpg 150w\" sizes=\"auto, (max-width: 550px) 100vw, 550px\" \/>                        <\/div>\n                                            <\/a>\n                            <\/div>\n        <\/div>\n            <div class=\"edgtf-gallery-image edgtf-size-square\">\n            <div class=\"edgtf-gallery-image-inner\">\n                                <a href=\"https:\/\/mireiacastells.com\/wp-content\/uploads\/2019\/06\/1-550x550.png\" data-rel=\"prettyPhoto[single_pretty_photo]\" title=\"1\">\n                                            <div class=\"edgtf-ig-image-holder\">\n                            <img loading=\"lazy\" decoding=\"async\" width=\"550\" height=\"550\" src=\"https:\/\/mireiacastells.com\/wp-content\/uploads\/2019\/06\/1-550x550.png\" class=\"attachment-bumblebee_edge_square size-bumblebee_edge_square\" alt=\"\" srcset=\"https:\/\/mireiacastells.com\/wp-content\/uploads\/2019\/06\/1-550x550.png 550w, https:\/\/mireiacastells.com\/wp-content\/uploads\/2019\/06\/1-150x150.png 150w, https:\/\/mireiacastells.com\/wp-content\/uploads\/2019\/06\/1-300x300.png 300w, https:\/\/mireiacastells.com\/wp-content\/uploads\/2019\/06\/1-768x768.png 768w, https:\/\/mireiacastells.com\/wp-content\/uploads\/2019\/06\/1-1024x1024.png 1024w, https:\/\/mireiacastells.com\/wp-content\/uploads\/2019\/06\/1.png 1068w\" sizes=\"auto, (max-width: 550px) 100vw, 550px\" \/>                        <\/div>\n                                            <\/a>\n                            <\/div>\n        <\/div>\n            <div class=\"edgtf-gallery-image edgtf-size-square\">\n            <div class=\"edgtf-gallery-image-inner\">\n                                <a href=\"https:\/\/mireiacastells.com\/wp-content\/uploads\/2019\/06\/2-550x550.png\" data-rel=\"prettyPhoto[single_pretty_photo]\" title=\"2\">\n                                            <div class=\"edgtf-ig-image-holder\">\n                            <img loading=\"lazy\" decoding=\"async\" width=\"550\" height=\"550\" src=\"https:\/\/mireiacastells.com\/wp-content\/uploads\/2019\/06\/2-550x550.png\" class=\"attachment-bumblebee_edge_square size-bumblebee_edge_square\" alt=\"\" srcset=\"https:\/\/mireiacastells.com\/wp-content\/uploads\/2019\/06\/2-550x550.png 550w, https:\/\/mireiacastells.com\/wp-content\/uploads\/2019\/06\/2-150x150.png 150w, https:\/\/mireiacastells.com\/wp-content\/uploads\/2019\/06\/2-300x300.png 300w, https:\/\/mireiacastells.com\/wp-content\/uploads\/2019\/06\/2-768x768.png 768w, https:\/\/mireiacastells.com\/wp-content\/uploads\/2019\/06\/2.png 794w\" sizes=\"auto, (max-width: 550px) 100vw, 550px\" \/>                        <\/div>\n                                            <\/a>\n                            <\/div>\n        <\/div>\n            <div class=\"edgtf-gallery-image edgtf-size-square\">\n            <div class=\"edgtf-gallery-image-inner\">\n                                <a href=\"https:\/\/mireiacastells.com\/wp-content\/uploads\/2019\/06\/4.png\" data-rel=\"prettyPhoto[single_pretty_photo]\" title=\"4\">\n                                            <div class=\"edgtf-ig-image-holder\">\n                            <img loading=\"lazy\" decoding=\"async\" width=\"433\" height=\"433\" src=\"https:\/\/mireiacastells.com\/wp-content\/uploads\/2019\/06\/4.png\" class=\"attachment-bumblebee_edge_square size-bumblebee_edge_square\" alt=\"\" srcset=\"https:\/\/mireiacastells.com\/wp-content\/uploads\/2019\/06\/4.png 433w, https:\/\/mireiacastells.com\/wp-content\/uploads\/2019\/06\/4-150x150.png 150w, https:\/\/mireiacastells.com\/wp-content\/uploads\/2019\/06\/4-300x300.png 300w\" sizes=\"auto, (max-width: 433px) 100vw, 433px\" \/>                        <\/div>\n                                            <\/a>\n                            <\/div>\n        <\/div>\n            <div class=\"edgtf-gallery-image edgtf-size-square\">\n            <div class=\"edgtf-gallery-image-inner\">\n                                <a href=\"https:\/\/mireiacastells.com\/wp-content\/uploads\/2018\/09\/5.png\" data-rel=\"prettyPhoto[single_pretty_photo]\" title=\"5\">\n                                            <div class=\"edgtf-ig-image-holder\">\n                            <img loading=\"lazy\" decoding=\"async\" width=\"433\" height=\"433\" src=\"https:\/\/mireiacastells.com\/wp-content\/uploads\/2018\/09\/5.png\" class=\"attachment-bumblebee_edge_square size-bumblebee_edge_square\" alt=\"\" srcset=\"https:\/\/mireiacastells.com\/wp-content\/uploads\/2018\/09\/5.png 433w, https:\/\/mireiacastells.com\/wp-content\/uploads\/2018\/09\/5-150x150.png 150w, https:\/\/mireiacastells.com\/wp-content\/uploads\/2018\/09\/5-300x300.png 300w\" sizes=\"auto, (max-width: 433px) 100vw, 433px\" \/>                        <\/div>\n                                            <\/a>\n                            <\/div>\n        <\/div>\n            <div class=\"edgtf-gallery-image edgtf-size-square\">\n            <div class=\"edgtf-gallery-image-inner\">\n                                <a href=\"https:\/\/mireiacastells.com\/wp-content\/uploads\/2018\/09\/1.png\" data-rel=\"prettyPhoto[single_pretty_photo]\" title=\"1\">\n                                            <div class=\"edgtf-ig-image-holder\">\n                            <img loading=\"lazy\" decoding=\"async\" width=\"433\" height=\"433\" src=\"https:\/\/mireiacastells.com\/wp-content\/uploads\/2018\/09\/1.png\" class=\"attachment-bumblebee_edge_square size-bumblebee_edge_square\" alt=\"\" srcset=\"https:\/\/mireiacastells.com\/wp-content\/uploads\/2018\/09\/1.png 433w, https:\/\/mireiacastells.com\/wp-content\/uploads\/2018\/09\/1-150x150.png 150w, https:\/\/mireiacastells.com\/wp-content\/uploads\/2018\/09\/1-300x300.png 300w\" sizes=\"auto, (max-width: 433px) 100vw, 433px\" \/>                        <\/div>\n                                            <\/a>\n                            <\/div>\n        <\/div>\n    <\/div>[vc_column_text css=\u00bb.vc_custom_1561967106477{margin-top: 10px !important;margin-bottom: 30px !important;}\u00bb]<\/p>\n<p style=\"text-align: left;\"><a href=\"https:\/\/mireiacastells.com\/es\/media\/\">Ver m\u00e1s fotos<\/a><\/p>\n<p>[\/vc_column_text][\/vc_column][\/vc_row][vc_row css=\u00bb.vc_custom_1754149633025{padding-top: 40px !important;padding-bottom: 40px !important;background-color: #efefef !important;}\u00bb][vc_column]<div class=\"edgtf-elements-holder edgtf-responsive-mode-768\" ><div class=\"edgtf-elements-holder-item \" data-item-class=\"edgtf-elements-holder-custom-268264\" >\n        <div class=\"edgtf-elements-holder-item-inner\">\n        <div class=\"edgtf-elements-holder-item-content edgtf-elements-holder-custom-268264\" >\n            [vc_column_text]<\/p>\n<h3 style=\"text-align: center;\"><em><span style=\"color: #bba011;\">No soy feliz porque canto, canto porque soy feliz<\/span><\/em><\/h3>\n<p>[\/vc_column_text]\n<span class=\"edgtf-section-subtitle\" style=\"text-align:center\">\n\tWilliam James<\/span>        <\/div>\n    <\/div>\n<\/div><\/div>[\/vc_column][\/vc_row][vc_row content_width=\u00bbgrid\u00bb content_aligment=\u00bbcenter\u00bb css_animation=\u00bbedgtf-element-from-fade\u00bb lc_swp_row_boxed_width=\u00bbforce_boxed\u00bb css=\u00bb.vc_custom_1754149717618{padding-top: 90px !important;padding-bottom: 60px !important;background-color: #ffffff !important;}\u00bb][vc_column][vc_column_text]<\/p>\n<h3 style=\"text-align: center;\"><span style=\"color: #bba011;\">Repertorio<\/span><\/h3>\n<p>[\/vc_column_text][vc_empty_space][vc_row_inner content_aligment=\u00bbcenter\u00bb][vc_column_inner width=\u00bb1\/4&#8243;]\n<div class=\"edgtf-banner edgtf-bih-zoom\">\n        <a href=\"https:\/\/mireiacastells.com\/es\/repertoire\/\" target=\"_self\">\n                <div class=\"edgtf-banner-image-inner\">\n                            <div class=\"edgtf-banner-image\">\n                    <img loading=\"lazy\" decoding=\"async\" width=\"283\" height=\"426\" src=\"https:\/\/mireiacastells.com\/wp-content\/uploads\/2019\/07\/oper_home.png\" class=\"attachment-full size-full\" alt=\"\" srcset=\"https:\/\/mireiacastells.com\/wp-content\/uploads\/2019\/07\/oper_home.png 283w, https:\/\/mireiacastells.com\/wp-content\/uploads\/2019\/07\/oper_home-199x300.png 199w\" sizes=\"auto, (max-width: 283px) 100vw, 283px\" \/>                <\/div>\n                        <div class=\"edgtf-banner-info\">\n                <div class=\"edgtf-banner-info-table\">\n                    <div class=\"edgtf-banner-info-table-cell\">\n                                        <\/div>\n            <\/div>\n        <\/div>\n<\/div>\n    <\/a>\n<\/div>[vc_column_text css=\u00bb.vc_custom_1754148876927{padding-top: 10px !important;padding-bottom: 32px !important;}\u00bb]<\/p>\n<h4 style=\"text-align: center;\"><span style=\"color: #333333;\">\u00d3PERA<\/span><\/h4>\n<p>[\/vc_column_text][\/vc_column_inner][vc_column_inner width=\u00bb1\/4&#8243;]\n<div class=\"edgtf-banner edgtf-bih-zoom\">\n        <a href=\"https:\/\/mireiacastells.com\/es\/repertoire\/#tab-opereta-y-zarzuela\" target=\"_self\">\n                <div class=\"edgtf-banner-image-inner\">\n                            <div class=\"edgtf-banner-image\">\n                    <img loading=\"lazy\" decoding=\"async\" width=\"283\" height=\"426\" src=\"https:\/\/mireiacastells.com\/wp-content\/uploads\/2018\/12\/home-operette.png\" class=\"attachment-full size-full\" alt=\"\" srcset=\"https:\/\/mireiacastells.com\/wp-content\/uploads\/2018\/12\/home-operette.png 283w, https:\/\/mireiacastells.com\/wp-content\/uploads\/2018\/12\/home-operette-199x300.png 199w\" sizes=\"auto, (max-width: 283px) 100vw, 283px\" \/>                <\/div>\n                        <div class=\"edgtf-banner-info\">\n                <div class=\"edgtf-banner-info-table\">\n                    <div class=\"edgtf-banner-info-table-cell\">\n                                        <\/div>\n            <\/div>\n        <\/div>\n<\/div>\n    <\/a>\n<\/div>[vc_column_text css=\u00bb.vc_custom_1754148880643{padding-top: 10px !important;padding-bottom: 32px !important;}\u00bb]<\/p>\n<h4 style=\"text-align: center;\"><span style=\"color: #333333;\">OPERETA Y ZARZUELA<\/span><\/h4>\n<p>[\/vc_column_text][\/vc_column_inner][vc_column_inner width=\u00bb1\/4&#8243;]\n<div class=\"edgtf-banner edgtf-bih-zoom\">\n        <a href=\"https:\/\/mireiacastells.com\/es\/repertoire\/#tab-oratorio-y-cantata\" target=\"_self\">\n                <div class=\"edgtf-banner-image-inner\">\n                            <div class=\"edgtf-banner-image\">\n                    <img loading=\"lazy\" decoding=\"async\" width=\"283\" height=\"426\" src=\"https:\/\/mireiacastells.com\/wp-content\/uploads\/2018\/07\/MireiaCastells15-Ret.jpg\" class=\"attachment-full size-full\" alt=\"\" srcset=\"https:\/\/mireiacastells.com\/wp-content\/uploads\/2018\/07\/MireiaCastells15-Ret.jpg 283w, https:\/\/mireiacastells.com\/wp-content\/uploads\/2018\/07\/MireiaCastells15-Ret-199x300.jpg 199w\" sizes=\"auto, (max-width: 283px) 100vw, 283px\" \/>                <\/div>\n                        <div class=\"edgtf-banner-info\">\n                <div class=\"edgtf-banner-info-table\">\n                    <div class=\"edgtf-banner-info-table-cell\">\n                                        <\/div>\n            <\/div>\n        <\/div>\n<\/div>\n    <\/a>\n<\/div>[vc_column_text css=\u00bb.vc_custom_1754148886262{padding-top: 10px !important;padding-bottom: 32px !important;}\u00bb]<\/p>\n<h4 style=\"text-align: center;\"><span style=\"color: #333333;\">ORATORIO Y CANTATA<\/span><\/h4>\n<p>[\/vc_column_text][\/vc_column_inner][vc_column_inner width=\u00bb1\/4&#8243;]\n<div class=\"edgtf-banner edgtf-bih-zoom\">\n        <a href=\"https:\/\/mireiacastells.com\/es\/repertoire\/#tab-lied-y-aria\" target=\"_self\">\n                <div class=\"edgtf-banner-image-inner\">\n                            <div class=\"edgtf-banner-image\">\n                    <img loading=\"lazy\" decoding=\"async\" width=\"283\" height=\"426\" src=\"https:\/\/mireiacastells.com\/wp-content\/uploads\/2018\/07\/MireiaCastells6Ret-1.jpg\" class=\"attachment-full size-full\" alt=\"\" srcset=\"https:\/\/mireiacastells.com\/wp-content\/uploads\/2018\/07\/MireiaCastells6Ret-1.jpg 283w, https:\/\/mireiacastells.com\/wp-content\/uploads\/2018\/07\/MireiaCastells6Ret-1-199x300.jpg 199w\" sizes=\"auto, (max-width: 283px) 100vw, 283px\" \/>                <\/div>\n                        <div class=\"edgtf-banner-info\">\n                <div class=\"edgtf-banner-info-table\">\n                    <div class=\"edgtf-banner-info-table-cell\">\n                                        <\/div>\n            <\/div>\n        <\/div>\n<\/div>\n    <\/a>\n<\/div>[vc_column_text css=\u00bb.vc_custom_1754148890653{padding-top: 10px !important;padding-bottom: 32px !important;}\u00bb]<\/p>\n<h4 style=\"text-align: center;\"><span style=\"color: #333333;\">LIED Y ARIA<\/span><\/h4>\n<p>[\/vc_column_text][\/vc_column_inner][\/vc_row_inner][\/vc_column][\/vc_row][vc_row content_width=\u00bbgrid\u00bb css=\u00bb.vc_custom_1754148391164{margin-top: 42px !important;margin-bottom: 40px !important;}\u00bb][vc_column][vc_column_text]<\/p>\n<h3 style=\"text-align: center;\"><span style=\"color: #bba011;\">Agenda<\/span><\/h3>\n<p><p style=\"text-align: center; margin: 2em 0; font-weight: bold;\">No hay pr\u00f3ximos eventos.<\/p>[\/vc_column_text][\/vc_column][\/vc_row]<\/p>\n","protected":false},"excerpt":{"rendered":"<p>[vc_row][vc_column][rev_slider_vc alias=\u00bbvideo\u00bb][\/vc_column][\/vc_row][vc_row content_width=\u00bbgrid\u00bb css_animation=\u00bbedgtf-element-from-fade\u00bb css=\u00bb.vc_custom_1754217639634{margin-top: 42px !important;margin-bottom: 42px !important;}\u00bb][vc_column width=\u00bb1\/2&#8243;][\/vc_column][vc_column width=\u00bb1\/2&#8243;][\/vc_column][\/vc_row][vc_row row_type=\u00bbparallax\u00bb content_width=\u00bbgrid\u00bb content_aligment=\u00bbcenter\u00bb full_screen_section_height=\u00bbno\u00bb css=\u00bb.vc_custom_1516568990101{padding-top: 30px !important;padding-bottom: 30px !important;background-color: #f4f4f4 !important;}\u00bb parallax_background_image=\u00bb3197&#8243; section_height=\u00bb100&#8243;][vc_column][\/vc_column][\/vc_row][vc_row content_width=\u00bbgrid\u00bb lc_swp_row_boxed_width=\u00bbforce_boxed\u00bb css=\u00bb.vc_custom_1545568612268{padding-top: 90px !important;padding-bottom: 10px !important;}\u00bb][vc_column][vc_column_text] Galer\u00eda [\/vc_column_text][vc_empty_space][vc_column_text css=\u00bb.vc_custom_1561967106477{margin-top: 10px !important;margin-bottom: 30px !important;}\u00bb] Ver m\u00e1s fotos [\/vc_column_text][\/vc_column][\/vc_row][vc_row css=\u00bb.vc_custom_1754149633025{padding-top: 40px !important;padding-bottom:&#8230;<\/p>\n","protected":false},"author":1,"featured_media":0,"parent":0,"menu_order":0,"comment_status":"closed","ping_status":"closed","template":"full-width.php","meta":{"_acf_changed":false,"footnotes":""},"class_list":["post-4105","page","type-page","status-publish","hentry"],"acf":[],"_links":{"self":[{"href":"https:\/\/mireiacastells.com\/es\/wp-json\/wp\/v2\/pages\/4105","targetHints":{"allow":["GET"]}}],"collection":[{"href":"https:\/\/mireiacastells.com\/es\/wp-json\/wp\/v2\/pages"}],"about":[{"href":"https:\/\/mireiacastells.com\/es\/wp-json\/wp\/v2\/types\/page"}],"author":[{"embeddable":true,"href":"https:\/\/mireiacastells.com\/es\/wp-json\/wp\/v2\/users\/1"}],"replies":[{"embeddable":true,"href":"https:\/\/mireiacastells.com\/es\/wp-json\/wp\/v2\/comments?post=4105"}],"version-history":[{"count":69,"href":"https:\/\/mireiacastells.com\/es\/wp-json\/wp\/v2\/pages\/4105\/revisions"}],"predecessor-version":[{"id":4793,"href":"https:\/\/mireiacastells.com\/es\/wp-json\/wp\/v2\/pages\/4105\/revisions\/4793"}],"wp:attachment":[{"href":"https:\/\/mireiacastells.com\/es\/wp-json\/wp\/v2\/media?parent=4105"}],"curies":[{"name":"wp","href":"https:\/\/api.w.org\/{rel}","templated":true}]}}