 {"id":3934,"date":"2017-12-06T10:51:01","date_gmt":"2017-12-06T10:51:01","guid":{"rendered":"http:\/\/mireiacastells.local\/biografie\/"},"modified":"2020-02-01T22:12:30","modified_gmt":"2020-02-01T22:12:30","slug":"biografie","status":"publish","type":"page","link":"https:\/\/mireiacastells.com\/es\/biografie\/","title":{"rendered":"Biograf\u00eda"},"content":{"rendered":"<p>[vc_row css=\u00bb.vc_custom_1545516557082{background-image: url(https:\/\/mireiacastells.com\/wp-content\/uploads\/2018\/07\/MireiaCastells17.jpg?id=3513) !important;background-position: center !important;background-repeat: no-repeat !important;background-size: cover !important;}\u00bb][vc_column]<div class=\"edgtf-elements-holder edgtf-responsive-mode-768\" ><div class=\"edgtf-elements-holder-item \" data-item-class=\"edgtf-elements-holder-custom-845413\" data-1280-1440=\"15% 0% 15% 7%\" data-1024-1280=\"15% 2% 15% 7%\" data-768-1024=\"15% 0% 15% 4%\" data-600-768=\"20% 0% 15% 4%\" data-480-600=\"20% 0% 20% 7%\" data-480=\"20% 0% 20% 7%\" >\n        <div class=\"edgtf-elements-holder-item-inner\">\n        <div class=\"edgtf-elements-holder-item-content edgtf-elements-holder-custom-845413\" style=\"padding: 15% 0% 15% 7%\">\n            \n<div class=\"edgtf-custom-font-holder\" style=\"font-family: Poppins;font-size: 80px;line-height: 100px;font-weight: 600;text-align: left;color: #ffffff\" data-font-size= 80 data-line-height= 100>\nBiograf\u00eda<\/div>        <\/div>\n    <\/div>\n<\/div><\/div>[\/vc_column][\/vc_row][vc_row content_width=\u00bbgrid\u00bb css=\u00bb.vc_custom_1562445246364{padding-top: 45px !important;padding-right: 5% !important;padding-left: 5% !important;}\u00bb][vc_column][vc_column_text]<\/p>\n<p class=\"p1\"><span class=\"s1\">La soprano l\u00edrica ligera Mireia Castells empez\u00f3 su carrera musical como violinista. Termin\u00f3 sus estudios profesionales en el Conservatorio Municipal de M\u00fasica de Barcelona en la especialidad de viol\u00edn con Erika Gallov\u00e0 y en la de canto con la soprano M\u00aa \u00c0ngels Sarroca y el tenor Salvador Parr\u00f3n.\u00a0<\/span><\/p>\n<p class=\"p1\"><span class=\"s1\">Durante varios a\u00f1os cant\u00f3 en el Cor Jove del Palau de la M\u00fasica de Barcelona, realizando incluso giras de conciertos por Europa, y sigui\u00f3 form\u00e1ndose asistiendo a clases magistrales con cantantes de renombre como el tenor Jaume Aragall y las sopranos Carmen Bustamante y Fiorenza Cedolins. Impulsada por su amor por la \u00f3pera vienesa, en 2015 se fue a Viena donde perfeccion\u00f3 su t\u00e9cnica vocal con la soprano Regina Renzowa y el tenor Bojidar Nikolov.<\/span><\/p>\n<p class=\"p1\"><span class=\"s1\">En la temporada 2013\/2014 interpret\u00f3 el rol de Susanna de la \u00f3pera<i>\u00a0Le Nozze di Figaro<\/i>\u00a0(W.A. Mozart) en la \u00d3pera Studio de Barcelona. En 2015\/2016 debut\u00f3 de manera imponente el rol de Adele de la opereta\u00a0<i>Die Fledermaus\u00a0<\/i>(J.Strauss) en diversos escenarios de Viena bajo la direcci\u00f3n musical de Elena Gertcheva y la direcci\u00f3n esc\u00e9nica de Robert Simma. En la temporada 2016\/2017 debut\u00f3 en el papel de La Reina de la Noche de\u00a0la \u00f3pera <i>Die Zauberfl\u00f6te\u00a0<\/i>(W.A. Mozart) bajo la misma direcci\u00f3n en varios escenarios de Viena y otros lugares de Austria, con el que convenci\u00f3 exitosamente al p\u00fablico. Esta temporada (2018\/2019), la soprano estar\u00e1 de gira por Alemania y Austria interpretando el rol de La Reina de la Noche en una nueva producci\u00f3n de la \u00f3pera Die Zauberfl\u00f6te. Sus planes tambi\u00e9n incluyen el debut del rol de Musetta de la \u00f3pera <i>La Boh\u00e8me<\/i> (G. Puccini) en el Palau de la M\u00fasica Catalana de Barcelona. <\/span><\/p>\n<p class=\"p1\"><span class=\"s1\">Ha interpretado adem\u00e1s los siguientes roles: Zerlina (<i>Don Giovanni<\/i>, W.A. Mozart), Blonde (<i>Die Entf\u00fchrung aus dem Serail<\/i>, W.A. Mozart), Olympia (<i>Les Contes d&#8217;Hoffmann<\/i>, J. Offenbach) y Oscar (<i>Un Ballo in Maschera<\/i>, G. Verdi). Cuenta tambi\u00e9n con un amplio repertorio de oratorios, tales como:\u00a0<i>La Pasi\u00f3n de San Mateo<\/i>\u00a0(J.S. Bach),\u00a0<i>La Pasi\u00f3n de San Juan<\/i>\u00a0(J.S. Bach), <i>El Mes\u00edas<\/i> (G.F. H\u00e4ndel), <i>Gran Misa en do menor<\/i> (W.A. Mozart), <i>La Creaci\u00f3n<\/i> (J. Haydn) y <i>Requiem<\/i> (G. Faur\u00e9).\u00a0<\/span><\/p>\n<p class=\"p1\"><span class=\"s1\">Mireia Castells ha sido finalista en diversos concursos internacionales, entre otros, el a\u00f1o 2012 en el XVII Concurso de Interpretaci\u00f3n Musical Arjau de Barcelona y recientemente en 2018 en el XXIV Concurso Josep Mirabent i Magrans de Sitges (Barcelona).<\/span><\/p>\n<p class=\"p1\"><span class=\"s1\">A trav\u00e9s de su don especial para identificarse con sus roles y para interpretarlos con fuerza y, al mismo tiempo, con empat\u00eda, deleita al p\u00fablico con su voz agradablemente clara y expresiva en varios conciertos de \u00f3pera y lied en Espa\u00f1a y Austria. Su repertorio concert\u00edstico abarca desde Schubert, Schumann, Strauss, Haydn, Debussy, Granados, Toldr\u00e0, Faur\u00e9, Orff, Vivaldi, H\u00e4ndel, Bach, Mozart, Donizetti, Bellini, Puccini, Gounod y Offenbach hasta Verdi.\u00a0<\/span><\/p>\n<p>[\/vc_column_text][\/vc_column][vc_column width=\u00bb1\/2&#8243;][\/vc_column][\/vc_row][vc_row content_width=\u00bbgrid\u00bb css=\u00bb.vc_custom_1532187363665{padding-right: 5% !important;padding-bottom: 90px !important;padding-left: 5% !important;}\u00bb][vc_column][vc_column_text]<span style=\"color: #ffffff;\">***<\/span><\/p>\n<p><span style=\"color: #ffffff;\">Mireia Castells<\/span>[\/vc_column_text][vc_single_image image=\u00bb3509&#8243; img_size=\u00bblarge\u00bb alignment=\u00bbcenter\u00bb style=\u00bbvc_box_rounded\u00bb css_animation=\u00bbfadeIn\u00bb css=\u00bb.vc_custom_1532187833920{padding-top: 10px !important;padding-bottom: 10px !important;}\u00bb][\/vc_column][\/vc_row][vc_row css=\u00bb.vc_custom_1512819963684{padding-top: 60px !important;padding-bottom: 60px !important;background-color: #eaeaea !important;}\u00bb][vc_column]<div class=\"edgtf-elements-holder edgtf-responsive-mode-768\" style=\"background-color:#f9f9f9;\"><div class=\"edgtf-elements-holder-item edgtf-horizontal-alignment-center\" data-item-class=\"edgtf-elements-holder-custom-813561\" style=\"background-color: #eaeaea\">\n        <div class=\"edgtf-elements-holder-item-inner\">\n        <div class=\"edgtf-elements-holder-item-content edgtf-elements-holder-custom-813561\" >\n            [vc_column_text]<\/p>\n<div id=\"u69\" class=\"ax_default heading_2\">\n<div id=\"u69_text\" class=\"text \">\n<h3 style=\"text-align: center;\"><em><span style=\"color: #bba011;\">No soy feliz porque canto, canto porque soy feliz<\/span><\/em><\/h3>\n<\/div>\n<\/div>\n<p>[\/vc_column_text]\n<span class=\"edgtf-section-subtitle\" style=\"text-align:center\">\n\tWilliam James<\/span>        <\/div>\n    <\/div>\n<\/div><\/div>[\/vc_column][\/vc_row]<\/p>\n","protected":false},"excerpt":{"rendered":"<p>[vc_row css=\u00bb.vc_custom_1545516557082{background-image: url(https:\/\/mireiacastells.com\/wp-content\/uploads\/2018\/07\/MireiaCastells17.jpg?id=3513) !important;background-position: center !important;background-repeat: no-repeat !important;background-size: cover !important;}\u00bb][vc_column][\/vc_column][\/vc_row][vc_row content_width=\u00bbgrid\u00bb css=\u00bb.vc_custom_1562445246364{padding-top: 45px !important;padding-right: 5% !important;padding-left: 5% !important;}\u00bb][vc_column][vc_column_text] La soprano l\u00edrica ligera Mireia Castells empez\u00f3 su carrera musical como violinista. Termin\u00f3 sus estudios profesionales en el Conservatorio Municipal de M\u00fasica de Barcelona en la especialidad&#8230;<\/p>\n","protected":false},"author":1,"featured_media":0,"parent":0,"menu_order":0,"comment_status":"closed","ping_status":"closed","template":"full-width.php","meta":{"_acf_changed":false,"footnotes":""},"class_list":["post-3934","page","type-page","status-publish","hentry"],"acf":[],"_links":{"self":[{"href":"https:\/\/mireiacastells.com\/es\/wp-json\/wp\/v2\/pages\/3934","targetHints":{"allow":["GET"]}}],"collection":[{"href":"https:\/\/mireiacastells.com\/es\/wp-json\/wp\/v2\/pages"}],"about":[{"href":"https:\/\/mireiacastells.com\/es\/wp-json\/wp\/v2\/types\/page"}],"author":[{"embeddable":true,"href":"https:\/\/mireiacastells.com\/es\/wp-json\/wp\/v2\/users\/1"}],"replies":[{"embeddable":true,"href":"https:\/\/mireiacastells.com\/es\/wp-json\/wp\/v2\/comments?post=3934"}],"version-history":[{"count":12,"href":"https:\/\/mireiacastells.com\/es\/wp-json\/wp\/v2\/pages\/3934\/revisions"}],"predecessor-version":[{"id":4578,"href":"https:\/\/mireiacastells.com\/es\/wp-json\/wp\/v2\/pages\/3934\/revisions\/4578"}],"wp:attachment":[{"href":"https:\/\/mireiacastells.com\/es\/wp-json\/wp\/v2\/media?parent=3934"}],"curies":[{"name":"wp","href":"https:\/\/api.w.org\/{rel}","templated":true}]}}