 {"id":3837,"date":"2017-12-06T10:51:01","date_gmt":"2017-12-06T10:51:01","guid":{"rendered":"http:\/\/mireiacastells.local\/biografie\/"},"modified":"2019-07-06T20:34:32","modified_gmt":"2019-07-06T20:34:32","slug":"biografie","status":"publish","type":"page","link":"https:\/\/mireiacastells.com\/en\/biografie\/","title":{"rendered":"Biography"},"content":{"rendered":"<p>[vc_row css=&#8221;.vc_custom_1559684633861{background-image: url(https:\/\/mireiacastells.com\/wp-content\/uploads\/2018\/07\/MireiaCastells17.jpg?id=3513) !important;background-position: center !important;background-repeat: no-repeat !important;background-size: cover !important;}&#8221;][vc_column]<div class=\"edgtf-elements-holder edgtf-responsive-mode-768\" ><div class=\"edgtf-elements-holder-item \" data-item-class=\"edgtf-elements-holder-custom-721023\" data-1280-1440=\"15% 0% 15% 7%\" data-1024-1280=\"15% 2% 15% 7%\" data-768-1024=\"15% 0% 15% 4%\" data-600-768=\"20% 0% 15% 4%\" data-480-600=\"23% 0% 2% 27%\" data-480=\"20% 0% 20% 7%\" >\n        <div class=\"edgtf-elements-holder-item-inner\">\n        <div class=\"edgtf-elements-holder-item-content edgtf-elements-holder-custom-721023\" style=\"padding: 15% 0% 15% 7%\">\n            \n<div class=\"edgtf-custom-font-holder\" style=\"font-family: Poppins;font-size: 80px;line-height: 100px;font-weight: 600;text-align: left;color: #ffffff\" data-font-size= 80 data-line-height= 100>\nBiography<\/div>        <\/div>\n    <\/div>\n<\/div><\/div>[\/vc_column][\/vc_row][vc_row content_width=&#8221;grid&#8221; css=&#8221;.vc_custom_1562445267189{padding-top: 45px !important;padding-right: 5% !important;padding-left: 5% !important;}&#8221;][vc_column][vc_column_text]<\/p>\n<p class=\"p1\"><span class=\"s1\">The Spanish lyric coloratura soprano\u00a0Mireia Castells began her music career as a violinist. She has completed her studies at the Municipal Conservatory of Music of Barcelona in violin (at Erika Gallov\u00e0) and solo singing (at M. \u00c0ngels Sarroca and Salvador Parr\u00f3n).<\/span><\/p>\n<p class=\"p1\"><span class=\"s1\">Following several years of singing at the Youth Choire Palau de la M\u00fasica of Barcelona, including concert tours through Europe, she has since continued her training in regular master classes at renown artists, including, the tenor Jaume Aragall and the sopranos Carmen Bustamante and Fiorenza Cedolins. Driven by her love to the Vienna Opera, she moved to Vienna in 2015, where she refined her vocal technique with the soprano Regina Renzowa and the tenor Bojidar Nikolov.<\/span><\/p>\n<p class=\"p1\"><span class=\"s1\">Her first performance was in the role of Susanna from <i>Le Nozze di Figaro<\/i> (W.A. Mozart) at the Opera Studio in Barcelona in 2013\/14. In 2015\/16 she gave her impressive debut as Adele in the operetta <i>Die Fledermaus <\/i>(J. Strauss), directed by Robert Simma and Elena Gertcheva (as musical director). In the 2016\/2017 season, Mireia convinced in her role as K\u00f6nigin der Nacht in the opera <i>Die Zauberfl\u00f6te <\/i>(W.A.Mozart), which was performed under the same direction in Vienna and several other Austrian locations. This season (2018\/19), the soprano tours Germany and Austria as K\u00f6nigin der Nacht in a new production of <i>Die Zauberfl\u00f6te<\/i>. Further plans include her role debut as Musetta in the opera <i>La Boh\u00e8me <\/i>(G.Puccini) in Palau de la M\u00fasica Catalana of Barcelona.<\/span><\/p>\n<p class=\"p1\"><span class=\"s1\">She has interpreted the following additional roles: Zerlina (<i>Don Giovanni, <\/i>W.A Mozart), Blonde (<i>Die Entf\u00fchrung aus dem Serail<\/i>, W.A. Mozart), Olympia (<i>Les Contes d\u2019Hoffmann, <\/i>Offenbach) and Oscar<i> (Un Ballo in Maschera, <\/i>Verdi)<i>. <\/i>She\u00a0embraces\u00a0a comprehensive\u00a0repertoire of oratorios which include: The <i>Matth\u00e4us-Passion <\/i>(J.S. Bach), the <i>Johannes-Passion<\/i> (J.S. Bach), <i>The Messiah <\/i>(G.F.<i>\u00a0<\/i>H\u00e4ndel), <i>Mass in C-minor <\/i>(W.A.Mozart),\u00a0<i> The Creation <\/i>(J. Haydn)<i> <\/i>and<i> Requiem <\/i>(G. Faur\u00e9)<i>. <\/i><\/span><\/p>\n<p class=\"p1\"><span class=\"s1\">Mireia Castells was a finalist at several international singing competitions \u2013 including the <i>XVII Youth Singing Competition Arjau <\/i>of 2012 in Barcelona and the <i>XXIV Josep Mirabent i Magrans Competition <\/i>of 2018 in Barcelona.<\/span><\/p>\n<p class=\"p1\"><span class=\"s1\">Mireia is particularly gifted in identifying herself with her roles and in interpreting them powerfully and yet empathetically. She has captivated her audience\u00a0with her pleasantly bright and touching voice at various opera and song concerts throughout Spain and Austria. Her concert repertoire encompasses amongst others, Schubert, Schumann, Strauss, Haydn, Debussy, Granados, Toldr\u00e0, Faur\u00e9, Orff, Vivaldi, H\u00e4ndel, Bach, Mozart, Donizetti, Bellini, Puccini, Gounod, Offenbach and Verdi.<\/span><\/p>\n<p>[\/vc_column_text][\/vc_column][vc_column width=&#8221;1\/2&#8243;][\/vc_column][\/vc_row][vc_row content_width=&#8221;grid&#8221; css=&#8221;.vc_custom_1532187363665{padding-right: 5% !important;padding-bottom: 90px !important;padding-left: 5% !important;}&#8221;][vc_column][vc_column_text]<\/p>\n<p class=\"p1\"><span style=\"color: #ffffff;\">***<\/span><\/p>\n<p><span style=\"color: #ffffff;\">Mireia Castells<\/span>[\/vc_column_text][vc_single_image image=&#8221;3509&#8243; img_size=&#8221;large&#8221; alignment=&#8221;center&#8221; style=&#8221;vc_box_rounded&#8221; css_animation=&#8221;fadeIn&#8221; css=&#8221;.vc_custom_1532187833920{padding-top: 10px !important;padding-bottom: 10px !important;}&#8221;][\/vc_column][\/vc_row][vc_row css=&#8221;.vc_custom_1512819963684{padding-top: 60px !important;padding-bottom: 60px !important;background-color: #eaeaea !important;}&#8221;][vc_column]<div class=\"edgtf-elements-holder edgtf-responsive-mode-768\" style=\"background-color:#f9f9f9;\"><div class=\"edgtf-elements-holder-item edgtf-horizontal-alignment-center\" data-item-class=\"edgtf-elements-holder-custom-248983\" style=\"background-color: #eaeaea\">\n        <div class=\"edgtf-elements-holder-item-inner\">\n        <div class=\"edgtf-elements-holder-item-content edgtf-elements-holder-custom-248983\" >\n            [vc_column_text]<\/p>\n<div id=\"u69\" class=\"ax_default heading_2\">\n<div id=\"u69_text\" class=\"text \">\n<h2 style=\"text-align: center;\"><em><span style=\"color: #bba011;\">I don&#8217;t sing because I&#8217;m happy, I&#8217;m happy because I sing.<\/span><\/em><\/h2>\n<\/div>\n<\/div>\n<p>[\/vc_column_text]\n<span class=\"edgtf-section-subtitle\" style=\"text-align:center\">\n\tWilliam James<\/span>        <\/div>\n    <\/div>\n<\/div><\/div>[\/vc_column][\/vc_row]<\/p>\n","protected":false},"excerpt":{"rendered":"<p>[vc_row css=&#8221;.vc_custom_1559684633861{background-image: url(https:\/\/mireiacastells.com\/wp-content\/uploads\/2018\/07\/MireiaCastells17.jpg?id=3513) !important;background-position: center !important;background-repeat: no-repeat !important;background-size: cover !important;}&#8221;][vc_column][\/vc_column][\/vc_row][vc_row content_width=&#8221;grid&#8221; css=&#8221;.vc_custom_1562445267189{padding-top: 45px !important;padding-right: 5% !important;padding-left: 5% !important;}&#8221;][vc_column][vc_column_text] The Spanish lyric coloratura soprano\u00a0Mireia Castells began her music career as a violinist. She has completed her studies at the Municipal Conservatory of Music of Barcelona in&#8230;<\/p>\n","protected":false},"author":1,"featured_media":0,"parent":0,"menu_order":0,"comment_status":"closed","ping_status":"closed","template":"full-width.php","meta":{"_acf_changed":false,"footnotes":""},"class_list":["post-3837","page","type-page","status-publish","hentry"],"acf":[],"_links":{"self":[{"href":"https:\/\/mireiacastells.com\/en\/wp-json\/wp\/v2\/pages\/3837","targetHints":{"allow":["GET"]}}],"collection":[{"href":"https:\/\/mireiacastells.com\/en\/wp-json\/wp\/v2\/pages"}],"about":[{"href":"https:\/\/mireiacastells.com\/en\/wp-json\/wp\/v2\/types\/page"}],"author":[{"embeddable":true,"href":"https:\/\/mireiacastells.com\/en\/wp-json\/wp\/v2\/users\/1"}],"replies":[{"embeddable":true,"href":"https:\/\/mireiacastells.com\/en\/wp-json\/wp\/v2\/comments?post=3837"}],"version-history":[{"count":12,"href":"https:\/\/mireiacastells.com\/en\/wp-json\/wp\/v2\/pages\/3837\/revisions"}],"predecessor-version":[{"id":4438,"href":"https:\/\/mireiacastells.com\/en\/wp-json\/wp\/v2\/pages\/3837\/revisions\/4438"}],"wp:attachment":[{"href":"https:\/\/mireiacastells.com\/en\/wp-json\/wp\/v2\/media?parent=3837"}],"curies":[{"name":"wp","href":"https:\/\/api.w.org\/{rel}","templated":true}]}}