 {"id":4103,"date":"2017-12-04T18:09:39","date_gmt":"2017-12-04T18:09:39","guid":{"rendered":"http:\/\/mireiacastells.local\/inici\/"},"modified":"2025-08-03T10:36:08","modified_gmt":"2025-08-03T10:36:08","slug":"inici","status":"publish","type":"page","link":"https:\/\/mireiacastells.com\/ca\/","title":{"rendered":"Pagina inicial"},"content":{"rendered":"<p>[vc_row][vc_column][rev_slider_vc alias=&#8221;video&#8221;][\/vc_column][\/vc_row][vc_row content_width=&#8221;grid&#8221; css_animation=&#8221;edgtf-element-from-fade&#8221; css=&#8221;.vc_custom_1754217357885{margin-top: 42px !important;margin-bottom: 42px !important;}&#8221;][vc_column width=&#8221;1\/2&#8243;]<div class=\"edgtf-elements-holder edgtf-responsive-mode-768\" ><div class=\"edgtf-elements-holder-item edgtf-horizontal-alignment-center\" data-item-class=\"edgtf-elements-holder-custom-562235\" >\n        <div class=\"edgtf-elements-holder-item-inner\">\n        <div class=\"edgtf-elements-holder-item-content edgtf-elements-holder-custom-562235\" style=\"padding: 5.5% 6% 0% 6%\">\n            [vc_single_image image=&#8221;3509&#8243; img_size=&#8221;medium&#8221; alignment=&#8221;center&#8221; style=&#8221;vc_box_rounded&#8221; onclick=&#8221;custom_link&#8221; link=&#8221;\/ca\/biografie\/&#8221;]        <\/div>\n    <\/div>\n<\/div><\/div>[\/vc_column][vc_column width=&#8221;1\/2&#8243;]<div class=\"edgtf-elements-holder edgtf-responsive-mode-768 edgtf-elements-items-float\" ><div class=\"edgtf-elements-holder-item \" data-item-class=\"edgtf-elements-holder-custom-219957\" >\n        <div class=\"edgtf-elements-holder-item-inner\">\n        <div class=\"edgtf-elements-holder-item-content edgtf-elements-holder-custom-219957\" style=\"padding: 5.5% 0% 0% 0%\">\n            [vc_column_text]<span class=\"s1\">La soprano l\u00edrica lleugera Mireia Castells va comen\u00e7ar la seva carrera musical com a violinista. Va acabar els seus estudis professionals al Conservatori Municipal de M\u00fasica de Barcelona en l\u2019especialitat de viol\u00ed amb Erika Gallov\u00e0 i en la de cant amb la soprano M\u00aa \u00c0ngels Sarroca i el tenor Salvador Parr\u00f3n.<\/span>[\/vc_column_text][vc_empty_space]<a href=\"\/ca\/biografie\/\" target=\"_self\" style=\"color: #0c0c0c;background-color: #ffffff;border: 1px solid #f4f4f4;font-weight: 700\" class=\"edgtf-btn edgtf-btn-medium edgtf-btn-solid edgtf-btn-custom-border-hover edgtf-btn-custom-hover-color edgtf-custom-skin edgtf-box-shadow edgtf-box-shadow-animation\" data-hover-color=\"#ffffff\" data-hover-border-color=\"#e2e2e2\" >\n            <span class=\"edgtf-btn-text\">Llegir m\u00e9s<\/span>\n        <\/a>        <\/div>\n    <\/div>\n<\/div><\/div>[\/vc_column][\/vc_row][vc_row row_type=&#8221;parallax&#8221; content_width=&#8221;grid&#8221; content_aligment=&#8221;center&#8221; full_screen_section_height=&#8221;no&#8221; css=&#8221;.vc_custom_1516568990101{padding-top: 30px !important;padding-bottom: 30px !important;background-color: #f4f4f4 !important;}&#8221; parallax_background_image=&#8221;3197&#8243; section_height=&#8221;100&#8243;][vc_column]<div class=\"edgtf-elements-holder edgtf-responsive-mode-768 edgtf-one-column-alignment-center\" ><div class=\"edgtf-elements-holder-item edgtf-horizontal-alignment-center\" data-item-class=\"edgtf-elements-holder-custom-211680\"   >\n        <div class=\"edgtf-elements-holder-item-inner\">\n        <div class=\"edgtf-elements-holder-item-content edgtf-elements-holder-custom-211680\" style=\"padding: 0% 8%\">\n            [vc_video link=&#8221;https:\/\/youtu.be\/r6rMIwnVIlM?t=11&#8243; align=&#8221;center&#8221;][vc_column_text css=&#8221;.vc_custom_1561928124862{padding-top: 5px !important;}&#8221;]<\/p>\n<p style=\"text-align: left;\"><a href=\"https:\/\/mireiacastells.com\/ca\/media\/\">Veure m\u00e9s v\u00eddeos<\/a><\/p>\n<p>[\/vc_column_text]        <\/div>\n    <\/div>\n<\/div><\/div>[\/vc_column][\/vc_row][vc_row content_width=&#8221;grid&#8221; lc_swp_row_boxed_width=&#8221;force_boxed&#8221; css=&#8221;.vc_custom_1545568612268{padding-top: 90px !important;padding-bottom: 10px !important;}&#8221;][vc_column][vc_column_text]<\/p>\n<h3 style=\"text-align: center;\"><span style=\"color: #bba011;\">Galeria<\/span><\/h3>\n<p>[\/vc_column_text][vc_empty_space]<div class=\"edgtf-image-gallery-masonry edgtf-masonry-image-size-set edgtf-gallery-with-space edgtf-gallery-columns-3\">\n    <div class=\"edgtf-image-masonry-grid-sizer\"><\/div>\n            <div class=\"edgtf-gallery-image edgtf-size-square\">\n            <div class=\"edgtf-gallery-image-inner\">\n                                <a href=\"https:\/\/mireiacastells.com\/wp-content\/uploads\/2019\/04\/DSC2169-550x550.jpg\" data-rel=\"prettyPhoto[single_pretty_photo]\" title=\"_DSC2169\">\n                                            <div class=\"edgtf-ig-image-holder\">\n                            <img loading=\"lazy\" decoding=\"async\" width=\"550\" height=\"550\" src=\"https:\/\/mireiacastells.com\/wp-content\/uploads\/2019\/04\/DSC2169-550x550.jpg\" class=\"attachment-bumblebee_edge_square size-bumblebee_edge_square\" alt=\"\" srcset=\"https:\/\/mireiacastells.com\/wp-content\/uploads\/2019\/04\/DSC2169-550x550.jpg 550w, https:\/\/mireiacastells.com\/wp-content\/uploads\/2019\/04\/DSC2169-150x150.jpg 150w\" sizes=\"auto, (max-width: 550px) 100vw, 550px\" \/>                        <\/div>\n                                            <\/a>\n                            <\/div>\n        <\/div>\n            <div class=\"edgtf-gallery-image edgtf-size-square\">\n            <div class=\"edgtf-gallery-image-inner\">\n                                <a href=\"https:\/\/mireiacastells.com\/wp-content\/uploads\/2019\/06\/1-550x550.png\" data-rel=\"prettyPhoto[single_pretty_photo]\" title=\"1\">\n                                            <div class=\"edgtf-ig-image-holder\">\n                            <img loading=\"lazy\" decoding=\"async\" width=\"550\" height=\"550\" src=\"https:\/\/mireiacastells.com\/wp-content\/uploads\/2019\/06\/1-550x550.png\" class=\"attachment-bumblebee_edge_square size-bumblebee_edge_square\" alt=\"\" srcset=\"https:\/\/mireiacastells.com\/wp-content\/uploads\/2019\/06\/1-550x550.png 550w, https:\/\/mireiacastells.com\/wp-content\/uploads\/2019\/06\/1-150x150.png 150w, https:\/\/mireiacastells.com\/wp-content\/uploads\/2019\/06\/1-300x300.png 300w, https:\/\/mireiacastells.com\/wp-content\/uploads\/2019\/06\/1-768x768.png 768w, https:\/\/mireiacastells.com\/wp-content\/uploads\/2019\/06\/1-1024x1024.png 1024w, https:\/\/mireiacastells.com\/wp-content\/uploads\/2019\/06\/1.png 1068w\" sizes=\"auto, (max-width: 550px) 100vw, 550px\" \/>                        <\/div>\n                                            <\/a>\n                            <\/div>\n        <\/div>\n            <div class=\"edgtf-gallery-image edgtf-size-square\">\n            <div class=\"edgtf-gallery-image-inner\">\n                                <a href=\"https:\/\/mireiacastells.com\/wp-content\/uploads\/2019\/06\/2-550x550.png\" data-rel=\"prettyPhoto[single_pretty_photo]\" title=\"2\">\n                                            <div class=\"edgtf-ig-image-holder\">\n                            <img loading=\"lazy\" decoding=\"async\" width=\"550\" height=\"550\" src=\"https:\/\/mireiacastells.com\/wp-content\/uploads\/2019\/06\/2-550x550.png\" class=\"attachment-bumblebee_edge_square size-bumblebee_edge_square\" alt=\"\" srcset=\"https:\/\/mireiacastells.com\/wp-content\/uploads\/2019\/06\/2-550x550.png 550w, https:\/\/mireiacastells.com\/wp-content\/uploads\/2019\/06\/2-150x150.png 150w, https:\/\/mireiacastells.com\/wp-content\/uploads\/2019\/06\/2-300x300.png 300w, https:\/\/mireiacastells.com\/wp-content\/uploads\/2019\/06\/2-768x768.png 768w, https:\/\/mireiacastells.com\/wp-content\/uploads\/2019\/06\/2.png 794w\" sizes=\"auto, (max-width: 550px) 100vw, 550px\" \/>                        <\/div>\n                                            <\/a>\n                            <\/div>\n        <\/div>\n            <div class=\"edgtf-gallery-image edgtf-size-square\">\n            <div class=\"edgtf-gallery-image-inner\">\n                                <a href=\"https:\/\/mireiacastells.com\/wp-content\/uploads\/2019\/06\/4.png\" data-rel=\"prettyPhoto[single_pretty_photo]\" title=\"4\">\n                                            <div class=\"edgtf-ig-image-holder\">\n                            <img loading=\"lazy\" decoding=\"async\" width=\"433\" height=\"433\" src=\"https:\/\/mireiacastells.com\/wp-content\/uploads\/2019\/06\/4.png\" class=\"attachment-bumblebee_edge_square size-bumblebee_edge_square\" alt=\"\" srcset=\"https:\/\/mireiacastells.com\/wp-content\/uploads\/2019\/06\/4.png 433w, https:\/\/mireiacastells.com\/wp-content\/uploads\/2019\/06\/4-150x150.png 150w, https:\/\/mireiacastells.com\/wp-content\/uploads\/2019\/06\/4-300x300.png 300w\" sizes=\"auto, (max-width: 433px) 100vw, 433px\" \/>                        <\/div>\n                                            <\/a>\n                            <\/div>\n        <\/div>\n            <div class=\"edgtf-gallery-image edgtf-size-square\">\n            <div class=\"edgtf-gallery-image-inner\">\n                                <a href=\"https:\/\/mireiacastells.com\/wp-content\/uploads\/2018\/09\/5.png\" data-rel=\"prettyPhoto[single_pretty_photo]\" title=\"5\">\n                                            <div class=\"edgtf-ig-image-holder\">\n                            <img loading=\"lazy\" decoding=\"async\" width=\"433\" height=\"433\" src=\"https:\/\/mireiacastells.com\/wp-content\/uploads\/2018\/09\/5.png\" class=\"attachment-bumblebee_edge_square size-bumblebee_edge_square\" alt=\"\" srcset=\"https:\/\/mireiacastells.com\/wp-content\/uploads\/2018\/09\/5.png 433w, https:\/\/mireiacastells.com\/wp-content\/uploads\/2018\/09\/5-150x150.png 150w, https:\/\/mireiacastells.com\/wp-content\/uploads\/2018\/09\/5-300x300.png 300w\" sizes=\"auto, (max-width: 433px) 100vw, 433px\" \/>                        <\/div>\n                                            <\/a>\n                            <\/div>\n        <\/div>\n            <div class=\"edgtf-gallery-image edgtf-size-square\">\n            <div class=\"edgtf-gallery-image-inner\">\n                                <a href=\"https:\/\/mireiacastells.com\/wp-content\/uploads\/2018\/09\/1.png\" data-rel=\"prettyPhoto[single_pretty_photo]\" title=\"1\">\n                                            <div class=\"edgtf-ig-image-holder\">\n                            <img loading=\"lazy\" decoding=\"async\" width=\"433\" height=\"433\" src=\"https:\/\/mireiacastells.com\/wp-content\/uploads\/2018\/09\/1.png\" class=\"attachment-bumblebee_edge_square size-bumblebee_edge_square\" alt=\"\" srcset=\"https:\/\/mireiacastells.com\/wp-content\/uploads\/2018\/09\/1.png 433w, https:\/\/mireiacastells.com\/wp-content\/uploads\/2018\/09\/1-150x150.png 150w, https:\/\/mireiacastells.com\/wp-content\/uploads\/2018\/09\/1-300x300.png 300w\" sizes=\"auto, (max-width: 433px) 100vw, 433px\" \/>                        <\/div>\n                                            <\/a>\n                            <\/div>\n        <\/div>\n    <\/div>[vc_column_text css=&#8221;.vc_custom_1561928152571{margin-top: 10px !important;margin-bottom: 30px !important;}&#8221;]<\/p>\n<p class=\"p1\" style=\"margin-top: 19px;\"><a href=\"https:\/\/mireiacastells.com\/ca\/media\/\"><span class=\"s1\">Veure m\u00e9s fotos<\/span><\/a><\/p>\n<p>[\/vc_column_text][\/vc_column][\/vc_row][vc_row css_animation=&#8221;edgtf-element-from-fade&#8221; css=&#8221;.vc_custom_1754147184795{padding-top: 61px !important;padding-bottom: 60px !important;background-color: #eaeaea !important;}&#8221;][vc_column]<div class=\"edgtf-elements-holder edgtf-responsive-mode-768\" style=\"background-color:#f9f9f9;\"><div class=\"edgtf-elements-holder-item edgtf-horizontal-alignment-center\" data-item-class=\"edgtf-elements-holder-custom-136283\" style=\"background-color: #eaeaea\">\n        <div class=\"edgtf-elements-holder-item-inner\">\n        <div class=\"edgtf-elements-holder-item-content edgtf-elements-holder-custom-136283\" >\n            [vc_column_text]<\/p>\n<div id=\"u69_text\" class=\"text \">\n<h3 style=\"text-align: center;\"><em><span style=\"color: #bba011;\">No canto perqu\u00e8 s\u00f3c feli\u00e7, s\u00f3c feli\u00e7 perqu\u00e8 canto<\/span><\/em><\/h3>\n<\/div>\n<p>[\/vc_column_text]\n<span class=\"edgtf-section-subtitle\" style=\"text-align:center\">\n\tWilliam James<\/span>        <\/div>\n    <\/div>\n<\/div><\/div>[\/vc_column][\/vc_row][vc_row content_width=&#8221;grid&#8221; content_aligment=&#8221;center&#8221; css_animation=&#8221;edgtf-element-from-fade&#8221; lc_swp_row_boxed_width=&#8221;force_boxed&#8221; css=&#8221;.vc_custom_1561581665959{padding-top: 90px !important;padding-bottom: 60px !important;background-color: #efefef !important;}&#8221;][vc_column][vc_column_text]<\/p>\n<h3 style=\"text-align: center;\"><span style=\"color: #bba011;\">Repertori<\/span><\/h3>\n<p>[\/vc_column_text][vc_empty_space][vc_row_inner content_aligment=&#8221;center&#8221;][vc_column_inner width=&#8221;1\/4&#8243; css=&#8221;.vc_custom_1561412244179{padding-bottom: 20px !important;}&#8221;]\n<div class=\"edgtf-banner edgtf-bih-zoom\">\n        <a href=\"https:\/\/mireiacastells.com\/ca\/repertoire\/\" target=\"_self\">\n                <div class=\"edgtf-banner-image-inner\">\n                            <div class=\"edgtf-banner-image\">\n                    <img loading=\"lazy\" decoding=\"async\" width=\"283\" height=\"426\" src=\"https:\/\/mireiacastells.com\/wp-content\/uploads\/2019\/07\/oper_home.png\" class=\"attachment-full size-full\" alt=\"\" srcset=\"https:\/\/mireiacastells.com\/wp-content\/uploads\/2019\/07\/oper_home.png 283w, https:\/\/mireiacastells.com\/wp-content\/uploads\/2019\/07\/oper_home-199x300.png 199w\" sizes=\"auto, (max-width: 283px) 100vw, 283px\" \/>                <\/div>\n                        <div class=\"edgtf-banner-info\">\n                <div class=\"edgtf-banner-info-table\">\n                    <div class=\"edgtf-banner-info-table-cell\">\n                                        <\/div>\n            <\/div>\n        <\/div>\n<\/div>\n    <\/a>\n<\/div>[vc_column_text css=&#8221;.vc_custom_1754148816071{padding-top: 10px !important;padding-bottom: 32px !important;}&#8221;]<\/p>\n<h4 style=\"text-align: center;\"><span style=\"color: #333333;\">\u00d2PERA<\/span><\/h4>\n<p>[\/vc_column_text][\/vc_column_inner][vc_column_inner width=&#8221;1\/4&#8243; css=&#8221;.vc_custom_1561412256666{padding-bottom: 20px !important;}&#8221;]\n<div class=\"edgtf-banner edgtf-bih-zoom\">\n        <a href=\"https:\/\/mireiacastells.com\/ca\/repertoire\/#tab-opereta-i-sarsuela\" target=\"_self\">\n                <div class=\"edgtf-banner-image-inner\">\n                            <div class=\"edgtf-banner-image\">\n                    <img loading=\"lazy\" decoding=\"async\" width=\"283\" height=\"426\" src=\"https:\/\/mireiacastells.com\/wp-content\/uploads\/2018\/12\/home-operette.png\" class=\"attachment-full size-full\" alt=\"\" srcset=\"https:\/\/mireiacastells.com\/wp-content\/uploads\/2018\/12\/home-operette.png 283w, https:\/\/mireiacastells.com\/wp-content\/uploads\/2018\/12\/home-operette-199x300.png 199w\" sizes=\"auto, (max-width: 283px) 100vw, 283px\" \/>                <\/div>\n                        <div class=\"edgtf-banner-info\">\n                <div class=\"edgtf-banner-info-table\">\n                    <div class=\"edgtf-banner-info-table-cell\">\n                                        <\/div>\n            <\/div>\n        <\/div>\n<\/div>\n    <\/a>\n<\/div>[vc_column_text css=&#8221;.vc_custom_1754148821683{padding-top: 10px !important;padding-bottom: 32px !important;}&#8221;]<\/p>\n<h4 style=\"text-align: center;\"><span style=\"color: #333333;\">OPERETA I SARSUELA<\/span><\/h4>\n<p>[\/vc_column_text][\/vc_column_inner][vc_column_inner width=&#8221;1\/4&#8243; css=&#8221;.vc_custom_1561412267747{padding-bottom: 20px !important;}&#8221;]\n<div class=\"edgtf-banner edgtf-bih-zoom\">\n        <a href=\"https:\/\/mireiacastells.com\/ca\/repertoire\/#tab-oratori-i-cantata\" target=\"_self\">\n                <div class=\"edgtf-banner-image-inner\">\n                            <div class=\"edgtf-banner-image\">\n                    <img loading=\"lazy\" decoding=\"async\" width=\"283\" height=\"426\" src=\"https:\/\/mireiacastells.com\/wp-content\/uploads\/2018\/07\/MireiaCastells15-Ret.jpg\" class=\"attachment-full size-full\" alt=\"\" srcset=\"https:\/\/mireiacastells.com\/wp-content\/uploads\/2018\/07\/MireiaCastells15-Ret.jpg 283w, https:\/\/mireiacastells.com\/wp-content\/uploads\/2018\/07\/MireiaCastells15-Ret-199x300.jpg 199w\" sizes=\"auto, (max-width: 283px) 100vw, 283px\" \/>                <\/div>\n                        <div class=\"edgtf-banner-info\">\n                <div class=\"edgtf-banner-info-table\">\n                    <div class=\"edgtf-banner-info-table-cell\">\n                                        <\/div>\n            <\/div>\n        <\/div>\n<\/div>\n    <\/a>\n<\/div>[vc_column_text css=&#8221;.vc_custom_1754148825654{padding-top: 10px !important;padding-bottom: 32px !important;}&#8221;]<\/p>\n<h4 style=\"text-align: center;\"><span style=\"color: #333333;\">ORATORI I CANTATA<\/span><\/h4>\n<p>[\/vc_column_text][\/vc_column_inner][vc_column_inner width=&#8221;1\/4&#8243; css=&#8221;.vc_custom_1561412278986{padding-bottom: 20px !important;}&#8221;]\n<div class=\"edgtf-banner edgtf-bih-zoom\">\n        <a href=\"https:\/\/mireiacastells.com\/ca\/repertoire\/#tab-lied-i-aria\" target=\"_self\">\n                <div class=\"edgtf-banner-image-inner\">\n                            <div class=\"edgtf-banner-image\">\n                    <img loading=\"lazy\" decoding=\"async\" width=\"283\" height=\"426\" src=\"https:\/\/mireiacastells.com\/wp-content\/uploads\/2018\/07\/MireiaCastells6Ret-1.jpg\" class=\"attachment-full size-full\" alt=\"\" srcset=\"https:\/\/mireiacastells.com\/wp-content\/uploads\/2018\/07\/MireiaCastells6Ret-1.jpg 283w, https:\/\/mireiacastells.com\/wp-content\/uploads\/2018\/07\/MireiaCastells6Ret-1-199x300.jpg 199w\" sizes=\"auto, (max-width: 283px) 100vw, 283px\" \/>                <\/div>\n                        <div class=\"edgtf-banner-info\">\n                <div class=\"edgtf-banner-info-table\">\n                    <div class=\"edgtf-banner-info-table-cell\">\n                                        <\/div>\n            <\/div>\n        <\/div>\n<\/div>\n    <\/a>\n<\/div>[vc_column_text css=&#8221;.vc_custom_1754148829920{padding-top: 10px !important;padding-bottom: 32px !important;}&#8221;]<\/p>\n<h4 style=\"text-align: center;\"><span style=\"color: #333333;\">LIED I \u00c0RIA<\/span><\/h4>\n<p>[\/vc_column_text][\/vc_column_inner][\/vc_row_inner][\/vc_column][\/vc_row][vc_row content_width=&#8221;grid&#8221; css=&#8221;.vc_custom_1753136075723{margin-top: 40px !important;margin-bottom: 40px !important;}&#8221;][vc_column][vc_column_text]<\/p>\n<h3 style=\"text-align: center;\"><span style=\"color: #bba011;\">Agenda<\/span><\/h3>\n<p><p style=\"text-align: center; margin: 2em 0; font-weight: bold;\">No hi ha pr\u00f2xims esdeveniments.<\/p>[\/vc_column_text][\/vc_column][\/vc_row]<\/p>\n","protected":false},"excerpt":{"rendered":"<p>[vc_row][vc_column][rev_slider_vc alias=&#8221;video&#8221;][\/vc_column][\/vc_row][vc_row content_width=&#8221;grid&#8221; css_animation=&#8221;edgtf-element-from-fade&#8221; css=&#8221;.vc_custom_1754217357885{margin-top: 42px !important;margin-bottom: 42px !important;}&#8221;][vc_column width=&#8221;1\/2&#8243;][\/vc_column][vc_column width=&#8221;1\/2&#8243;][\/vc_column][\/vc_row][vc_row row_type=&#8221;parallax&#8221; content_width=&#8221;grid&#8221; content_aligment=&#8221;center&#8221; full_screen_section_height=&#8221;no&#8221; css=&#8221;.vc_custom_1516568990101{padding-top: 30px !important;padding-bottom: 30px !important;background-color: #f4f4f4 !important;}&#8221; parallax_background_image=&#8221;3197&#8243; section_height=&#8221;100&#8243;][vc_column][\/vc_column][\/vc_row][vc_row content_width=&#8221;grid&#8221; lc_swp_row_boxed_width=&#8221;force_boxed&#8221; css=&#8221;.vc_custom_1545568612268{padding-top: 90px !important;padding-bottom: 10px !important;}&#8221;][vc_column][vc_column_text] Galeria [\/vc_column_text][vc_empty_space][vc_column_text css=&#8221;.vc_custom_1561928152571{margin-top: 10px !important;margin-bottom: 30px !important;}&#8221;] Veure m\u00e9s fotos [\/vc_column_text][\/vc_column][\/vc_row][vc_row css_animation=&#8221;edgtf-element-from-fade&#8221; css=&#8221;.vc_custom_1754147184795{padding-top: 61px&#8230;<\/p>\n","protected":false},"author":1,"featured_media":0,"parent":0,"menu_order":0,"comment_status":"closed","ping_status":"closed","template":"full-width.php","meta":{"_acf_changed":false,"footnotes":""},"class_list":["post-4103","page","type-page","status-publish","hentry"],"acf":[],"_links":{"self":[{"href":"https:\/\/mireiacastells.com\/ca\/wp-json\/wp\/v2\/pages\/4103","targetHints":{"allow":["GET"]}}],"collection":[{"href":"https:\/\/mireiacastells.com\/ca\/wp-json\/wp\/v2\/pages"}],"about":[{"href":"https:\/\/mireiacastells.com\/ca\/wp-json\/wp\/v2\/types\/page"}],"author":[{"embeddable":true,"href":"https:\/\/mireiacastells.com\/ca\/wp-json\/wp\/v2\/users\/1"}],"replies":[{"embeddable":true,"href":"https:\/\/mireiacastells.com\/ca\/wp-json\/wp\/v2\/comments?post=4103"}],"version-history":[{"count":51,"href":"https:\/\/mireiacastells.com\/ca\/wp-json\/wp\/v2\/pages\/4103\/revisions"}],"predecessor-version":[{"id":4792,"href":"https:\/\/mireiacastells.com\/ca\/wp-json\/wp\/v2\/pages\/4103\/revisions\/4792"}],"wp:attachment":[{"href":"https:\/\/mireiacastells.com\/ca\/wp-json\/wp\/v2\/media?parent=4103"}],"curies":[{"name":"wp","href":"https:\/\/api.w.org\/{rel}","templated":true}]}}