 {"id":4086,"date":"2017-12-06T10:51:01","date_gmt":"2017-12-06T10:51:01","guid":{"rendered":"http:\/\/mireiacastells.local\/biografie\/"},"modified":"2019-07-06T20:33:49","modified_gmt":"2019-07-06T20:33:49","slug":"biografie","status":"publish","type":"page","link":"https:\/\/mireiacastells.com\/ca\/biografie\/","title":{"rendered":"Biografia"},"content":{"rendered":"<p>[vc_row css=&#8221;.vc_custom_1545516557082{background-image: url(https:\/\/mireiacastells.com\/wp-content\/uploads\/2018\/07\/MireiaCastells17.jpg?id=3513) !important;background-position: center !important;background-repeat: no-repeat !important;background-size: cover !important;}&#8221;][vc_column]<div class=\"edgtf-elements-holder edgtf-responsive-mode-768\" ><div class=\"edgtf-elements-holder-item \" data-item-class=\"edgtf-elements-holder-custom-918568\" data-1280-1440=\"15% 0% 15% 7%\" data-1024-1280=\"15% 2% 15% 7%\" data-768-1024=\"15% 0% 15% 4%\" data-600-768=\"20% 0% 15% 4%\" data-480-600=\"20% 0% 20% 8%\" data-480=\"20% 0% 20% 7%\" >\n        <div class=\"edgtf-elements-holder-item-inner\">\n        <div class=\"edgtf-elements-holder-item-content edgtf-elements-holder-custom-918568\" style=\"padding: 15% 0% 15% 7%\">\n            \n<div class=\"edgtf-custom-font-holder\" style=\"font-family: Poppins;font-size: 80px;line-height: 100px;font-weight: 600;text-align: left;color: #ffffff\" data-font-size= 80 data-line-height= 100>\nBiografia<\/div>        <\/div>\n    <\/div>\n<\/div><\/div>[\/vc_column][\/vc_row][vc_row content_width=&#8221;grid&#8221; css=&#8221;.vc_custom_1562445224135{padding-top: 45px !important;padding-right: 5% !important;padding-left: 5% !important;}&#8221;][vc_column][vc_column_text]<\/p>\n<p class=\"p1\"><span class=\"s1\">La soprano l\u00edrica lleugera Mireia Castells va comen\u00e7ar la seva carrera musical com a violinista. Va acabar els seus estudis professionals al Conservatori Municipal de M\u00fasica de Barcelona en l\u2019especialitat de viol\u00ed amb Erika Gallov\u00e0 i en la de cant amb la soprano M\u00aa \u00c0ngels Sarroca i el tenor Salvador Parr\u00f3n.<\/span><\/p>\n<p class=\"p1\"><span class=\"s1\">Durant diversos anys va cantar en el Cor Jove del Palau de la M\u00fasica de Barcelona, realitzant fins i tot gires de concerts per Europa, i va continuar formant-se assistint a classes magistrals amb cantans de renom com el tenor Jaume Aragall i les sopranos Carmen Bustamante i Fiorenza Cedolins. Impulsada pel seu amor per l\u2019\u00f2pera vienesa, l\u2019any 2015 va marxar a Viena on va perfeccionar la seva t\u00e8cnica vocal amb la soprano Regina Renzowa i el tenor Bojidar Nikolv.<\/span><\/p>\n<p class=\"p1\"><span class=\"s1\">La temporada 2013\/2014 va interpretar el rol de Susanna de l\u2019\u00f2pera <i>Le Nozze di Figaro<\/i>\u00a0(W.A. Mozart) a l\u2019\u00d2pera Studio de Barcelona. El 2015\/2016 debut\u00e0 de manera imponent el rol d\u2019Adele de l\u2019opereta<span class=\"Apple-converted-space\">\u00a0 <\/span><i>Die Fledermaus\u00a0<\/i>(J.Strauss) a diversos escenaris de Viena, sota la direcci\u00f3 musical d\u2019Elena Gertcheva i la direcci\u00f3 esc\u00e8nica de Robert Simma. Durant la temporada 2016\/2017 va debutar en el paper de La Reina de la Nit de l\u2019\u00f2pera\u00a0<i>Die Zauberfl\u00f6te\u00a0<\/i>(W.A. Mozart) sota<span class=\"Apple-converted-space\">\u00a0 <\/span>la mateixa direcci\u00f3 a diversos escenaris de Viena i altres llocs d\u2019\u00c0ustria, amb el qual va conv\u00e8ncer exitosament al p\u00fablic. Aquesta temporada (2018\/2019), la soprano estar\u00e0 de gira per Alemanya i \u00c0ustria interpretant el rol de La Reina de la Nit en una nova producci\u00f3 de l\u2019\u00f2pera Die Zauberfl\u00f6te. Els seus plans tamb\u00e9 inclouen el debut del rol de Musetta de l\u2019\u00f2pera <i>La Boh\u00e8me<\/i> (G. Puccini) al Palau de la M\u00fasica Catalana de Barcelona.<\/span><\/p>\n<p class=\"p1\"><span class=\"s1\">Ha interpretat tamb\u00e9 els seg\u00fcents rols: Zerlina (<i>Don Giovanni<\/i>, W.A. Mozart), Blonde (<i>Die Entf\u00fchrung aus dem Serail<\/i>, W.A. Mozart), Olympia (<i>Les Contes d&#8217;Hoffmann<\/i>, J. Offenbach) i Oscar (<i>Un Ballo in Maschera<\/i>, G. Verdi). Disposa<span class=\"Apple-converted-space\">\u00a0 <\/span>tamb\u00e9 d\u2019un ampli repertori d\u2019oratoris, com ara:\u00a0<i>La Passi\u00f3 de Sant Mateu<\/i>\u00a0(J.S. Bach),\u00a0<i>La Passi\u00f3 de Sant Joan<\/i>\u00a0(J.S. Bach), <i>El Messies<\/i> (G.F. H\u00e4ndel), <i>Gran Missa en do menor<\/i> (W.A. Mozart), <i>La Creaci\u00f3<\/i> (J. Haydn) i <i>Requiem<\/i> (G. Faur\u00e9).\u00a0<\/span><\/p>\n<p class=\"p1\"><span class=\"s1\">Mireia Castells ha estat finalista en diversos concursos internacionals, entre d\u2019altres, l\u2019any 2012 en el<span class=\"Apple-converted-space\">\u00a0 <\/span>XVII Concurs d\u2019Interpretaci\u00f3 Musical Arjau de Barcelona i recentment l\u2019any 2018 en el XXIV Concurs Josep Mirabent i Magrans de Sitges (Barcelona).<\/span><\/p>\n<p class=\"p1\"><span class=\"s1\">A trav\u00e9s del seu do especial per identificar-se amb els seus rols i interpretar-los amb for\u00e7a i, al mateix temps, amb empat\u00eda, captiva al p\u00fablic amb la seva veu agradablement clara i expressiva a diversos concerts d\u2019\u00f2pera i lied a Espa\u00f1a y Austria. El seu repertori concert\u00edstic compr\u00e8n des de Schubert, Schumann, Strauss, Haydn, Debussy, Granados, Toldr\u00e0, Faur\u00e9, Orff, Vivaldi, H\u00e4ndel, Bach, Mozart, Donizetti, Bellini, Puccini, Gounod i Offenbach fins a Verdi.<\/span><\/p>\n<p>[\/vc_column_text][\/vc_column][\/vc_row][vc_row content_width=&#8221;grid&#8221; css=&#8221;.vc_custom_1532187363665{padding-right: 5% !important;padding-bottom: 90px !important;padding-left: 5% !important;}&#8221;][vc_column][vc_column_text]<span style=\"color: #ffffff;\">***<\/span><\/p>\n<p><span style=\"color: #ffffff;\">Mireia Castells<\/span>[\/vc_column_text][vc_single_image image=&#8221;3509&#8243; img_size=&#8221;large&#8221; alignment=&#8221;center&#8221; style=&#8221;vc_box_rounded&#8221; css_animation=&#8221;fadeIn&#8221; css=&#8221;.vc_custom_1532187833920{padding-top: 10px !important;padding-bottom: 10px !important;}&#8221;][\/vc_column][\/vc_row][vc_row css=&#8221;.vc_custom_1512819963684{padding-top: 60px !important;padding-bottom: 60px !important;background-color: #eaeaea !important;}&#8221;][vc_column]<div class=\"edgtf-elements-holder edgtf-responsive-mode-768\" style=\"background-color:#f9f9f9;\"><div class=\"edgtf-elements-holder-item edgtf-horizontal-alignment-center\" data-item-class=\"edgtf-elements-holder-custom-863819\" style=\"background-color: #eaeaea\">\n        <div class=\"edgtf-elements-holder-item-inner\">\n        <div class=\"edgtf-elements-holder-item-content edgtf-elements-holder-custom-863819\" >\n            [vc_column_text]<\/p>\n<div id=\"u69\" class=\"ax_default heading_2\">\n<div id=\"u69_text\" class=\"text \">\n<h2 style=\"text-align: center;\"><em><span style=\"color: #bba011;\">No canto perqu\u00e8 s\u00f3c feli\u00e7, s\u00f3c feli\u00e7 perqu\u00e8 canto<\/span><\/em><\/h2>\n<\/div>\n<\/div>\n<p>[\/vc_column_text]\n<span class=\"edgtf-section-subtitle\" style=\"text-align:center\">\n\tWilliam James<\/span>        <\/div>\n    <\/div>\n<\/div><\/div>[\/vc_column][\/vc_row]<\/p>\n","protected":false},"excerpt":{"rendered":"<p>[vc_row css=&#8221;.vc_custom_1545516557082{background-image: url(https:\/\/mireiacastells.com\/wp-content\/uploads\/2018\/07\/MireiaCastells17.jpg?id=3513) !important;background-position: center !important;background-repeat: no-repeat !important;background-size: cover !important;}&#8221;][vc_column][\/vc_column][\/vc_row][vc_row content_width=&#8221;grid&#8221; css=&#8221;.vc_custom_1562445224135{padding-top: 45px !important;padding-right: 5% !important;padding-left: 5% !important;}&#8221;][vc_column][vc_column_text] La soprano l\u00edrica lleugera Mireia Castells va comen\u00e7ar la seva carrera musical com a violinista. Va acabar els seus estudis professionals al Conservatori Municipal de M\u00fasica de&#8230;<\/p>\n","protected":false},"author":1,"featured_media":0,"parent":0,"menu_order":0,"comment_status":"closed","ping_status":"closed","template":"full-width.php","meta":{"_acf_changed":false,"footnotes":""},"class_list":["post-4086","page","type-page","status-publish","hentry"],"acf":[],"_links":{"self":[{"href":"https:\/\/mireiacastells.com\/ca\/wp-json\/wp\/v2\/pages\/4086","targetHints":{"allow":["GET"]}}],"collection":[{"href":"https:\/\/mireiacastells.com\/ca\/wp-json\/wp\/v2\/pages"}],"about":[{"href":"https:\/\/mireiacastells.com\/ca\/wp-json\/wp\/v2\/types\/page"}],"author":[{"embeddable":true,"href":"https:\/\/mireiacastells.com\/ca\/wp-json\/wp\/v2\/users\/1"}],"replies":[{"embeddable":true,"href":"https:\/\/mireiacastells.com\/ca\/wp-json\/wp\/v2\/comments?post=4086"}],"version-history":[{"count":9,"href":"https:\/\/mireiacastells.com\/ca\/wp-json\/wp\/v2\/pages\/4086\/revisions"}],"predecessor-version":[{"id":4436,"href":"https:\/\/mireiacastells.com\/ca\/wp-json\/wp\/v2\/pages\/4086\/revisions\/4436"}],"wp:attachment":[{"href":"https:\/\/mireiacastells.com\/ca\/wp-json\/wp\/v2\/media?parent=4086"}],"curies":[{"name":"wp","href":"https:\/\/api.w.org\/{rel}","templated":true}]}}