 {"id":3866,"date":"2017-12-06T10:51:38","date_gmt":"2017-12-06T10:51:38","guid":{"rendered":"http:\/\/mireiacastells.local\/repertoire\/"},"modified":"2019-12-24T15:18:56","modified_gmt":"2019-12-24T15:18:56","slug":"repertoire","status":"publish","type":"page","link":"https:\/\/mireiacastells.com\/ca\/repertoire\/","title":{"rendered":"Repertori"},"content":{"rendered":"<p>[vc_row css=&#8221;.vc_custom_1555521741578{background-image: url(https:\/\/mireiacastells.com\/wp-content\/uploads\/2019\/04\/DSC2169.jpg?id=4203) !important;background-position: center !important;background-repeat: no-repeat !important;background-size: cover !important;}&#8221;][vc_column parallax=&#8221;content-moving&#8221;]<div class=\"edgtf-elements-holder edgtf-responsive-mode-768\" ><div class=\"edgtf-elements-holder-item \" data-item-class=\"edgtf-elements-holder-custom-454196\" data-1280-1440=\"15% 0% 15% 7%\" data-1024-1280=\"15% 2% 15% 7%\" data-768-1024=\"15% 0% 15% 7%\" data-600-768=\"20% 0% 15% 4%\" data-480-600=\"20% 0% 20% 7%\" data-480=\"20% 0% 20% 7%\" >\n        <div class=\"edgtf-elements-holder-item-inner\">\n        <div class=\"edgtf-elements-holder-item-content edgtf-elements-holder-custom-454196\" style=\"padding: 15% 0% 15% 7%\">\n            \n<div class=\"edgtf-custom-font-holder\" style=\"font-family: Poppins;font-size: 80px;line-height: 100px;font-weight: 600;color: #ffffff\" data-font-size= 80 data-line-height= 100>\nRepertori<\/div>        <\/div>\n    <\/div>\n<\/div><\/div>[\/vc_column][\/vc_row][vc_row content_width=&#8221;grid&#8221; css=&#8221;.vc_custom_1515801332197{padding-top: 40px !important;padding-bottom: 90px !important;}&#8221;][vc_column]<div class=\"edgtf-tabs clearfix edgtf-horizontal-tab  edgtf-dark-skin\">\n    <ul class=\"edgtf-tabs-nav\">\n                    <li>\n                <a href=\"#tab-opera\">\n                    <h5 class=\"edgtf-tab-title\">\n                        \u00d2pera                    <\/h5>\n                <\/a>\n            <\/li>\n                    <li>\n                <a href=\"#tab-opereta-i-sarsuela\">\n                    <h5 class=\"edgtf-tab-title\">\n                        Opereta i Sarsuela                    <\/h5>\n                <\/a>\n            <\/li>\n                    <li>\n                <a href=\"#tab-oratori-i-cantata\">\n                    <h5 class=\"edgtf-tab-title\">\n                        Oratori i Cantata                    <\/h5>\n                <\/a>\n            <\/li>\n                    <li>\n                <a href=\"#tab-lied-i-aria\">\n                    <h5 class=\"edgtf-tab-title\">\n                        Lied i \u00c0ria                    <\/h5>\n                <\/a>\n            <\/li>\n            <\/ul>\n    <div class=\"edgtf-tab-container\" id=\"tab-opera\" ><div class=\"edgtf-elements-holder edgtf-two-columns edgtf-responsive-mode-768\" ><div class=\"edgtf-elements-holder-item \" data-item-class=\"edgtf-elements-holder-custom-172735\" >\n        <div class=\"edgtf-elements-holder-item-inner\">\n        <div class=\"edgtf-elements-holder-item-content edgtf-elements-holder-custom-172735\" >\n            [vc_empty_space]\n<div class=\"edgtf-section-title edgtf-section-align-left edgtf-underscore-right\" style=\"font-size: 50px\">\n    <span class=\"edgtf-section-title-inner\">\u00d2pera<\/span>\n<\/div>[vc_empty_space height=&#8221;20px&#8221;]<div class=\"edgtf-unordered-list  edgtf-dark-skin\" >\n<table style=\"text-align: left;\" border=\"0\" width=\"80%\">\n<tbody>\n<tr>\n<td style=\"font-weight: bold;\" valign=\"top\">Vincenzo Bellini<\/td>\n<td valign=\"top\">Beatrice di Tenda (Beatrice di Tenda)<br \/>\nI Capuleti e i Montecchi (Giulietta)<\/td>\n<\/tr>\n<tr>\n<td style=\"font-weight: bold;\" valign=\"top\">Ludwig van Beethoven<\/td>\n<td valign=\"top\">Fidelio (Marzelline)<\/td>\n<\/tr>\n<tr>\n<td style=\"font-weight: bold;\" valign=\"top\">Felicien David<\/td>\n<td valign=\"top\">La Perle du Br\u00e9sil (Zora)<\/td>\n<\/tr>\n<tr>\n<td style=\"font-weight: bold;\" valign=\"top\">Gaetano Donizetti<\/td>\n<td valign=\"top\">Don Pasquale (Norina)<br \/>\nLa Fille du R\u00e9giment (Marie)<br \/>\nL\u2019elisir d\u2019amore (Adina)<br \/>\nLucia di Lammermoor (Lucia)<br \/>\nMaria di Rohan (Maria)<\/td>\n<\/tr>\n<tr>\n<td style=\"font-weight: bold;\" valign=\"top\">Christoph Willibald von Gluck<\/td>\n<td valign=\"top\">Paride ed Elena (Paride)<\/td>\n<\/tr>\n<tr>\n<td style=\"font-weight: bold;\" valign=\"top\">Charles Gounod<\/td>\n<td valign=\"top\">Rom\u00e9o et Juliette (Juliette)<\/td>\n<\/tr>\n<tr>\n<td style=\"font-weight: bold;\" valign=\"top\">Georg Friedrich H\u00e4ndel<\/td>\n<td valign=\"top\">Alcina (Morgana)<br \/>\nAtalanta (Atalanta)<br \/>\nRinaldo (Almirena)<\/td>\n<\/tr>\n<tr>\n<td style=\"font-weight: bold;\" valign=\"top\">Wolfgang Amadeus Mozart<\/td>\n<td valign=\"top\">Cos\u00ec fan tutte (Despina)<br \/>\nDer Schauspieldirektor (Mademoiselle Silberklang)<br \/>\nDie Entf\u00fchrung aus dem Serail (Blonde)<br \/>\nDie Zauberfl\u00f6te (K\u00f6nigin der Nacht, Erste Dame)<br \/>\nDon Giovanni (Zerlina)<br \/>\nLa Finta Giardiniera (Sandrina)<br \/>\nLe Nozze di Figaro (Susanna)<br \/>\nIdomeneo (Ilia)<br \/>\nIl Re Pastore (Aminta)<\/td>\n<\/tr>\n<tr>\n<td style=\"font-weight: bold;\" valign=\"top\">Jacques Offenbach<\/td>\n<td valign=\"top\">Les Contes d\u00b4Hoffmann (Olympia)<\/td>\n<\/tr>\n<tr>\n<td style=\"font-weight: bold;\" valign=\"top\">Giacomo Puccini<\/td>\n<td valign=\"top\">La Boh\u00e8me (Musetta)<br \/>\nGiani Schicchi (Lauretta)<\/td>\n<\/tr>\n<tr>\n<td style=\"font-weight: bold;\" valign=\"top\">Giuseppe Verdi<\/td>\n<td valign=\"top\">Un Ballo in Maschera (Oscar)<br \/>\nRigoletto (Gilda)<\/td>\n<\/tr>\n<\/tbody>\n<\/table>\n<\/div>        <\/div>\n    <\/div>\n<\/div><\/div><\/div><div class=\"edgtf-tab-container\" id=\"tab-opereta-i-sarsuela\" ><div class=\"edgtf-elements-holder edgtf-two-columns edgtf-responsive-mode-768\" ><div class=\"edgtf-elements-holder-item \" data-item-class=\"edgtf-elements-holder-custom-613458\" >\n        <div class=\"edgtf-elements-holder-item-inner\">\n        <div class=\"edgtf-elements-holder-item-content edgtf-elements-holder-custom-613458\" >\n            [vc_empty_space]\n<div class=\"edgtf-section-title edgtf-section-align-left edgtf-underscore-left\" style=\"font-size: 50px\">\n    <span class=\"edgtf-section-title-inner\">Opereta<\/span>\n<\/div>[vc_empty_space height=&#8221;20px&#8221;]<div class=\"edgtf-unordered-list  edgtf-dark-skin\" >\n<table style=\"text-align: left;\" border=\"0\" width=\"90%\">\n<tbody>\n<tr>\n<td style=\"font-weight: bold;\" valign=\"top\">Emmerich K\u00e1lm\u00e1n<\/td>\n<td valign=\"top\">Die Cs\u00e1rd\u00e1sf\u00fcrstin (Sylva)<\/td>\n<\/tr>\n<tr>\n<td style=\"font-weight: bold;\" valign=\"top\">Jacques Offenbach<\/td>\n<td valign=\"top\">Monsieur Choufleuri (Ernestina)<\/td>\n<\/tr>\n<tr>\n<td style=\"font-weight: bold;\" valign=\"top\">Johann Strauss<\/td>\n<td valign=\"top\">Der Zigeunerbaron (Arsena)<br \/>\nDie Fledermaus (Adele, Ida)<\/td>\n<\/tr>\n<\/tbody>\n<\/table>\n<\/div>[vc_empty_space]\n<div class=\"edgtf-section-title edgtf-section-align-left edgtf-underscore-right\" style=\"font-size: 50px\">\n    <span class=\"edgtf-section-title-inner\">Sarsuela<\/span>\n<\/div>[vc_empty_space height=&#8221;10px&#8221;]<div class=\"edgtf-unordered-list  edgtf-dark-skin\" >\n<table style=\"text-align: left;\" border=\"0\" width=\"90%\">\n<tbody>\n<tr>\n<td style=\"font-weight: bold; max-width: 50px;\" valign=\"top\">Manuel Fern\u00e1ndez\u00a0Caballero<\/td>\n<td valign=\"top\">Chateau Margaux\u00a0(Angelita)<\/td>\n<\/tr>\n<tr>\n<td style=\"font-weight: bold;\" valign=\"top\">G. Gim\u00e9nez y M. Nieto<\/td>\n<td valign=\"top\">El barbero de Sevilla\u00a0(Elena)<\/td>\n<\/tr>\n<tr>\n<td style=\"font-weight: bold;\" valign=\"top\">Jacinto Guerrero<\/td>\n<td valign=\"top\">La Alsaciana (Margot)<\/td>\n<\/tr>\n<tr>\n<td style=\"font-weight: bold;\" valign=\"top\">Ernesto Lecuona<\/td>\n<td valign=\"top\">Mar\u00eda de la O\u00a0(Mar\u00eda de la O)<\/td>\n<\/tr>\n<tr>\n<td style=\"font-weight: bold;\" valign=\"top\">Amadeo Vives<\/td>\n<td valign=\"top\">Do\u00f1a Francisquita (Francisquita)<\/td>\n<\/tr>\n<\/tbody>\n<\/table>\n<\/div>        <\/div>\n    <\/div>\n<\/div><\/div><\/div><div class=\"edgtf-tab-container\" id=\"tab-oratori-i-cantata\" ><div class=\"edgtf-elements-holder edgtf-two-columns edgtf-responsive-mode-768\" ><div class=\"edgtf-elements-holder-item \" data-item-class=\"edgtf-elements-holder-custom-121655\" >\n        <div class=\"edgtf-elements-holder-item-inner\">\n        <div class=\"edgtf-elements-holder-item-content edgtf-elements-holder-custom-121655\" >\n            [vc_empty_space]\n<div class=\"edgtf-section-title edgtf-section-align-left edgtf-underscore-right\" style=\"font-size: 50px\">\n    <span class=\"edgtf-section-title-inner\">Oratori i Cantata<\/span>\n<\/div>[vc_empty_space height=&#8221;20px&#8221;]<div class=\"edgtf-unordered-list  edgtf-dark-skin\" >\n<table style=\"text-align: left;\" border=\"0\" width=\"80%\">\n<tbody>\n<tr>\n<td style=\"font-weight: bold;\" valign=\"top\">Johann Sebastian Bach<\/td>\n<td valign=\"top\">Jauchzet Gott in allen Landen<br \/>\nJohannespassion (BWV 245)<br \/>\nMatth\u00e4uspassion (BWV 244)<br \/>\nKantata 147<\/td>\n<\/tr>\n<tr>\n<td style=\"font-weight: bold;\" valign=\"top\">Gabriel Faur\u00e9<\/td>\n<td valign=\"top\">Requiem<\/td>\n<\/tr>\n<tr>\n<td style=\"font-weight: bold;\" valign=\"top\">Georg Friedrich H\u00e4ndel<\/td>\n<td valign=\"top\">Der Messias (HWV 56)<\/td>\n<\/tr>\n<tr>\n<td style=\"font-weight: bold;\" valign=\"top\"><b>Joseph Haydn<\/b><\/td>\n<td valign=\"top\">Die Sch\u00f6pfung<\/td>\n<\/tr>\n<tr>\n<td style=\"font-weight: bold;\" valign=\"top\">Wolfgang Amadeus Mozart<\/td>\n<td valign=\"top\">Ave verum corpus<br \/>\nExsultate, jubilate (KV 165)<br \/>\nVesperae solennes de confessore (KV 339)<br \/>\nc-Moll Messe (KV 427)<\/td>\n<\/tr>\n<tr>\n<td style=\"font-weight: bold;\" valign=\"top\">Carl Orff<\/td>\n<td valign=\"top\">Carmina Burana<\/td>\n<\/tr>\n<tr>\n<td style=\"font-weight: bold;\" valign=\"top\">Antonio Vivaldi<\/td>\n<td valign=\"top\">Gloria RV 589<\/td>\n<\/tr>\n<\/tbody>\n<\/table>\n<\/div>        <\/div>\n    <\/div>\n<\/div><\/div><\/div><div class=\"edgtf-tab-container\" id=\"tab-lied-i-aria\" ><div class=\"edgtf-elements-holder edgtf-two-columns edgtf-responsive-mode-768\" ><div class=\"edgtf-elements-holder-item \" data-item-class=\"edgtf-elements-holder-custom-803946\" >\n        <div class=\"edgtf-elements-holder-item-inner\">\n        <div class=\"edgtf-elements-holder-item-content edgtf-elements-holder-custom-803946\" >\n            [vc_empty_space]\n<div class=\"edgtf-section-title edgtf-section-align-left edgtf-underscore-right\" style=\"font-size: 50px\">\n    <span class=\"edgtf-section-title-inner\">Lied i \u00c0ria<\/span>\n<\/div>[vc_empty_space height=&#8221;20px&#8221;]<div class=\"edgtf-unordered-list  edgtf-dark-skin\" >\n<table style=\"text-align: left;\" border=\"0\" width=\"80%\">\n<tbody>\n<tr>\n<td style=\"font-weight: bold;\" valign=\"top\">Jorge Anckermann<\/td>\n<td valign=\"top\">Flor de Yumur\u00ed<\/td>\n<\/tr>\n<tr>\n<td style=\"font-weight: bold;\" valign=\"top\">Johann Sebastian Bach<\/td>\n<td valign=\"top\">Bist du bei mir<\/td>\n<\/tr>\n<tr>\n<td style=\"font-weight: bold;\" valign=\"top\">Ludwig van Beethoven<\/td>\n<td valign=\"top\">Vier Arietten und ein Duet Op.82<\/td>\n<\/tr>\n<tr>\n<td style=\"font-weight: bold;\" valign=\"top\">Vincenzo Bellini<\/td>\n<td valign=\"top\">Sei Ariette da camera<\/td>\n<\/tr>\n<tr>\n<td style=\"font-weight: bold;\" valign=\"top\">Claude Debussy<\/td>\n<td valign=\"top\">Quatre Chansons de Jeunesse<\/td>\n<\/tr>\n<tr>\n<td style=\"font-weight: bold;\" valign=\"top\">Carmelina Delf\u00edn<\/td>\n<td valign=\"top\">Al recordar tu nombre<\/td>\n<\/tr>\n<tr>\n<td style=\"font-weight: bold;\" valign=\"top\">Gaetano Donizetti<\/td>\n<td valign=\"top\">Ah! Rammenta, o bella Irene<\/td>\n<\/tr>\n<tr>\n<td style=\"font-weight: bold;\" valign=\"top\">Henry Duparc<\/td>\n<td valign=\"top\">S\u00e9r\u00e9nade Florentine<\/td>\n<\/tr>\n<tr>\n<td style=\"font-weight: bold;\" valign=\"top\">Manuel Garc\u00eda Morante<\/td>\n<td valign=\"top\">Can\u00e7ons populars catalanes<\/td>\n<\/tr>\n<tr>\n<td style=\"font-weight: bold;\" valign=\"top\">Enric Granados<\/td>\n<td valign=\"top\">Canciones amatorias<br \/>\nCan\u00e7ons catalanes<br \/>\nCanciones espa\u00f1olas<br \/>\nTonadillas<\/td>\n<\/tr>\n<tr>\n<td style=\"font-weight: bold;\" valign=\"top\">Joseph Haydn<\/td>\n<td valign=\"top\">She never told her love<\/td>\n<\/tr>\n<tr>\n<td style=\"font-weight: bold;\" valign=\"top\">Ernesto Lecuona<\/td>\n<td valign=\"top\">Andar<br \/>\nComo arrullo de palmas<br \/>\nEst\u00e1s en mi coraz\u00f3n<br \/>\nRecordar<\/td>\n<\/tr>\n<tr>\n<td style=\"font-weight: bold;\" valign=\"top\">Darius Milhaud<\/td>\n<td valign=\"top\">Chansons de Ronsard<\/td>\n<\/tr>\n<tr>\n<td style=\"font-weight: bold;\" valign=\"top\">Frederic Mompou<\/td>\n<td valign=\"top\">Damunt de tu nom\u00e9s les flors<\/td>\n<\/tr>\n<tr>\n<td style=\"font-weight: bold;\" valign=\"top\">Xavier Montsalvatge<\/td>\n<td valign=\"top\">Canci\u00f3n de cuna para dormir a un negrito<br \/>\nEl cant dels ocells<\/td>\n<\/tr>\n<tr>\n<td style=\"font-weight: bold;\" valign=\"top\">Wolfgang Amadeus Mozart<\/td>\n<td valign=\"top\">Ridente la calma<\/td>\n<\/tr>\n<tr>\n<td style=\"font-weight: bold;\" valign=\"top\">Giovanni Paisiello<\/td>\n<td valign=\"top\">Nel cor pi\u00f9 non mi sento<\/td>\n<\/tr>\n<tr>\n<td style=\"font-weight: bold;\" valign=\"top\">Joaqu\u00edn Rodrigo<\/td>\n<td valign=\"top\">Cuatro Madrigales Amatorios<\/td>\n<\/tr>\n<tr>\n<td style=\"font-weight: bold;\" valign=\"top\">Gioachino Rossini<\/td>\n<td valign=\"top\">La Promessa<\/td>\n<\/tr>\n<tr>\n<td style=\"font-weight: bold;\" valign=\"top\">Alessandro Scarlatti<\/td>\n<td valign=\"top\">Con voce festiva<\/td>\n<\/tr>\n<tr>\n<td style=\"font-weight: bold;\" valign=\"top\">Franz Schubert<\/td>\n<td valign=\"top\">Ave Maria<br \/>\nDu bist die Ruh Op.59, Nr.3<br \/>\nGanymed Op. 19, Nr.3<br \/>\nHeidenr\u00f6slein Op.8, Nr.3<br \/>\nIm Abendroth<br \/>\nLachen und Weinen Op. 59, Nr.4<\/td>\n<\/tr>\n<tr>\n<td style=\"font-weight: bold;\" valign=\"top\">Robert Schumann<\/td>\n<td valign=\"top\">Dichterliebe Op.48<br \/>\nLiederkreis Op.39<br \/>\nMyrthen Op.25<br \/>\nZw\u00f6lf Gedichte von Justinus Kerner Op. 35<\/td>\n<\/tr>\n<tr>\n<td style=\"font-weight: bold;\" valign=\"top\">Richard Strauss<\/td>\n<td valign=\"top\">Lieder Op.48<\/td>\n<\/tr>\n<tr>\n<td style=\"font-weight: bold;\" valign=\"top\">Eduard Toldr\u00e0<\/td>\n<td valign=\"top\">Abril<br \/>\nCan\u00e7\u00f3 de bressol<br \/>\nFesteig<br \/>\nMaig<br \/>\nMenta i Farigola<br \/>\nRoman\u00e7 de Santa Ll\u00facia<\/td>\n<\/tr>\n<tr>\n<td style=\"font-weight: bold;\" valign=\"top\">Antonio Vivaldi<\/td>\n<td valign=\"top\">Bajazet, RV 703<\/td>\n<\/tr>\n<\/tbody>\n<\/table>\n<\/div>        <\/div>\n    <\/div>\n<\/div><\/div><\/div><\/div>[\/vc_column][\/vc_row]<\/p>\n","protected":false},"excerpt":{"rendered":"<p>[vc_row css=&#8221;.vc_custom_1555521741578{background-image: url(https:\/\/mireiacastells.com\/wp-content\/uploads\/2019\/04\/DSC2169.jpg?id=4203) !important;background-position: center !important;background-repeat: no-repeat !important;background-size: cover !important;}&#8221;][vc_column parallax=&#8221;content-moving&#8221;][\/vc_column][\/vc_row][vc_row content_width=&#8221;grid&#8221; css=&#8221;.vc_custom_1515801332197{padding-top: 40px !important;padding-bottom: 90px !important;}&#8221;][vc_column][\/vc_column][\/vc_row]<\/p>\n","protected":false},"author":1,"featured_media":0,"parent":0,"menu_order":0,"comment_status":"closed","ping_status":"closed","template":"full-width.php","meta":{"_acf_changed":false,"footnotes":""},"class_list":["post-3866","page","type-page","status-publish","hentry"],"acf":[],"_links":{"self":[{"href":"https:\/\/mireiacastells.com\/ca\/wp-json\/wp\/v2\/pages\/3866","targetHints":{"allow":["GET"]}}],"collection":[{"href":"https:\/\/mireiacastells.com\/ca\/wp-json\/wp\/v2\/pages"}],"about":[{"href":"https:\/\/mireiacastells.com\/ca\/wp-json\/wp\/v2\/types\/page"}],"author":[{"embeddable":true,"href":"https:\/\/mireiacastells.com\/ca\/wp-json\/wp\/v2\/users\/1"}],"replies":[{"embeddable":true,"href":"https:\/\/mireiacastells.com\/ca\/wp-json\/wp\/v2\/comments?post=3866"}],"version-history":[{"count":15,"href":"https:\/\/mireiacastells.com\/ca\/wp-json\/wp\/v2\/pages\/3866\/revisions"}],"predecessor-version":[{"id":4568,"href":"https:\/\/mireiacastells.com\/ca\/wp-json\/wp\/v2\/pages\/3866\/revisions\/4568"}],"wp:attachment":[{"href":"https:\/\/mireiacastells.com\/ca\/wp-json\/wp\/v2\/media?parent=3866"}],"curies":[{"name":"wp","href":"https:\/\/api.w.org\/{rel}","templated":true}]}}